{"id":17304,"date":"2025-08-20T21:27:21","date_gmt":"2025-08-20T21:27:21","guid":{"rendered":"https:\/\/cipele.ba\/shop\/uncategorized\/marco-tozzi-zenska-cipela-48zcj11162\/"},"modified":"2026-04-18T21:40:51","modified_gmt":"2026-04-18T21:40:51","slug":"marco-tozzi-zenska-cipela-48zcj11162","status":"publish","type":"product","link":"https:\/\/cipele.ba\/en\/shop\/zene\/zenske-cipele\/marco-tozzi-zenska-cipela-48zcj11162\/","title":{"rendered":"Marco Tozzi \u017denska cipela 48ZCJ11162"},"content":{"rendered":"<p>Ime kompanije izvedeno je iz italijanske rije\u010di za &#8216;\u010dvrst&#8217; i lijepo nagla\u0161ava izvanredan stil i posve\u0107enost izdr\u017eljivosti. Smje\u0161ten u Detmoldu, Njema\u010dka, Marco Tozzi je postao omiljen i pouzdan brend, koji proizvodi \u0161est do osam kolekcija godi\u0161nje. Posljednjih pola stolje\u0107a brend je bio sinonim za mladala\u010dku eleganciju, osna\u017euju\u0107i modernu \u017eenu udobnom obu\u0107om po razumnoj cijeni.<\/p>","protected":false},"excerpt":{"rendered":"<p>Ime kompanije izvedeno je iz italijanske rije\u010di za &#8216;\u010dvrst&#8217; i lijepo nagla\u0161ava izvanredan stil i posve\u0107enost izdr\u017eljivosti. Smje\u0161ten u Detmoldu, Njema\u010dka, Marco Tozzi je postao omiljen i pouzdan brend, koji proizvodi \u0161est do osam kolekcija godi\u0161nje. Posljednjih pola stolje\u0107a brend je bio sinonim za mladala\u010dku eleganciju, osna\u017euju\u0107i modernu \u017eenu udobnom obu\u0107om po razumnoj cijeni.<\/p>","protected":false},"featured_media":17300,"template":"","meta":{"jetpack_post_was_ever_published":false},"product_brand":[86],"product_cat":[62],"product_tag":[],"class_list":{"0":"post-17304","1":"product","2":"type-product","3":"status-publish","4":"has-post-thumbnail","6":"product_brand-planika","7":"product_cat-zenske-cipele","9":"first","10":"instock","11":"sale","12":"shipping-taxable","13":"product-type-external"},"jetpack-related-posts":[],"jetpack_sharing_enabled":true,"_links":{"self":[{"href":"https:\/\/cipele.ba\/en\/wp-json\/wp\/v2\/product\/17304","targetHints":{"allow":["GET"]}}],"collection":[{"href":"https:\/\/cipele.ba\/en\/wp-json\/wp\/v2\/product"}],"about":[{"href":"https:\/\/cipele.ba\/en\/wp-json\/wp\/v2\/types\/product"}],"wp:featuredmedia":[{"embeddable":true,"href":"https:\/\/cipele.ba\/en\/wp-json\/wp\/v2\/media\/17300"}],"wp:attachment":[{"href":"https:\/\/cipele.ba\/en\/wp-json\/wp\/v2\/media?parent=17304"}],"wp:term":[{"taxonomy":"product_brand","embeddable":true,"href":"https:\/\/cipele.ba\/en\/wp-json\/wp\/v2\/product_brand?post=17304"},{"taxonomy":"product_cat","embeddable":true,"href":"https:\/\/cipele.ba\/en\/wp-json\/wp\/v2\/product_cat?post=17304"},{"taxonomy":"product_tag","embeddable":true,"href":"https:\/\/cipele.ba\/en\/wp-json\/wp\/v2\/product_tag?post=17304"}],"curies":[{"name":"wp","href":"https:\/\/api.w.org\/{rel}","templated":true}]}}