{"id":17312,"date":"2025-08-20T21:27:26","date_gmt":"2025-08-20T21:27:26","guid":{"rendered":"https:\/\/cipele.ba\/shop\/uncategorized\/bagatt-zenska-cipela-23zcj11282\/"},"modified":"2026-04-18T21:42:04","modified_gmt":"2026-04-18T21:42:04","slug":"bagatt-zenska-cipela-23zcj11282","status":"publish","type":"product","link":"https:\/\/cipele.ba\/en\/shop\/zene\/zenske-cipele\/bagatt-zenska-cipela-23zcj11282\/","title":{"rendered":"Bagatt \u017denska cipela 23ZCJ11282"},"content":{"rendered":"<p>Bagatt je brend iz Milana i potje\u010de 80-ih godina pro\u0161log stolje\u0107a i dolazi iz sjeverne Italije. Zala\u017ee se za simbiozu modernih, modernih \u017eenskih cipela i stilskog, italijanskog rukopisa. BAGATT je izraz italijanske lako\u0107e i brand za svjesne donositelje odluka.<\/p>","protected":false},"excerpt":{"rendered":"<p>Bagatt je brend iz Milana i potje\u010de 80-ih godina pro\u0161log stolje\u0107a i dolazi iz sjeverne Italije. Zala\u017ee se za simbiozu modernih, modernih \u017eenskih cipela i stilskog, italijanskog rukopisa. BAGATT je izraz italijanske lako\u0107e i brand za svjesne donositelje odluka.<\/p>","protected":false},"featured_media":17308,"template":"","meta":{"jetpack_post_was_ever_published":false},"product_brand":[86],"product_cat":[62],"product_tag":[],"class_list":{"0":"post-17312","1":"product","2":"type-product","3":"status-publish","4":"has-post-thumbnail","6":"product_brand-planika","7":"product_cat-zenske-cipele","9":"first","10":"instock","11":"sale","12":"shipping-taxable","13":"product-type-external"},"jetpack-related-posts":[],"jetpack_sharing_enabled":true,"_links":{"self":[{"href":"https:\/\/cipele.ba\/en\/wp-json\/wp\/v2\/product\/17312","targetHints":{"allow":["GET"]}}],"collection":[{"href":"https:\/\/cipele.ba\/en\/wp-json\/wp\/v2\/product"}],"about":[{"href":"https:\/\/cipele.ba\/en\/wp-json\/wp\/v2\/types\/product"}],"wp:featuredmedia":[{"embeddable":true,"href":"https:\/\/cipele.ba\/en\/wp-json\/wp\/v2\/media\/17308"}],"wp:attachment":[{"href":"https:\/\/cipele.ba\/en\/wp-json\/wp\/v2\/media?parent=17312"}],"wp:term":[{"taxonomy":"product_brand","embeddable":true,"href":"https:\/\/cipele.ba\/en\/wp-json\/wp\/v2\/product_brand?post=17312"},{"taxonomy":"product_cat","embeddable":true,"href":"https:\/\/cipele.ba\/en\/wp-json\/wp\/v2\/product_cat?post=17312"},{"taxonomy":"product_tag","embeddable":true,"href":"https:\/\/cipele.ba\/en\/wp-json\/wp\/v2\/product_tag?post=17312"}],"curies":[{"name":"wp","href":"https:\/\/api.w.org\/{rel}","templated":true}]}}