{"id":17360,"date":"2025-08-20T21:28:14","date_gmt":"2025-08-20T21:28:14","guid":{"rendered":"https:\/\/cipele.ba\/shop\/uncategorized\/gabor-zenska-cipela-73zcj16322\/"},"modified":"2026-04-18T21:37:39","modified_gmt":"2026-04-18T21:37:39","slug":"gabor-zenska-cipela-73zcj16322","status":"publish","type":"product","link":"https:\/\/cipele.ba\/en\/shop\/zene\/zenske-cipele\/gabor-zenska-cipela-73zcj16322\/","title":{"rendered":"Gabor \u017denska cipela 73ZCJ16322"},"content":{"rendered":"<p>Gaborovi korporativni korijeni se\u017eu do poslovanja za trgovinu obu\u0107om i ko\u017enom galanterijom, koju je otvorio Pius Gabor u Gro\u00df-Strehlitzu 1919. Danas Gabor kompanija ima sjedi\u0161te u Rosenheimu, u Gornjoj Bavarskoj. Gabor je vode\u0107i proizvo\u0111a\u010d visokokvalitetne, moderne \u017eenske obu\u0107e. Osim moderne aktuelnosti, cipelu brenda Gabor odlikuje vrhunsko pristajanje i kvalitet izrade. Dugogodi\u0161nje iskustvo pru\u017ea osnovu za ono \u0161to kompanija naziva &#8220;Gabor kvalitet&#8221;. To su najzahtjevniji standardi kvalitete za svaki pojedini par cipela koji su Gabor pretvorili u tradicionalni brend.<\/p>","protected":false},"excerpt":{"rendered":"<p>Gaborovi korporativni korijeni se\u017eu do poslovanja za trgovinu obu\u0107om i ko\u017enom galanterijom, koju je otvorio Pius Gabor u Gro\u00df-Strehlitzu 1919. Danas Gabor kompanija ima sjedi\u0161te u Rosenheimu, u Gornjoj Bavarskoj. Gabor je vode\u0107i proizvo\u0111a\u010d visokokvalitetne, moderne \u017eenske obu\u0107e. Osim moderne aktuelnosti, cipelu brenda Gabor odlikuje vrhunsko pristajanje i kvalitet izrade. Dugogodi\u0161nje iskustvo pru\u017ea osnovu za [&hellip;]<\/p>","protected":false},"featured_media":17357,"template":"","meta":{"jetpack_post_was_ever_published":false},"product_brand":[86],"product_cat":[62],"product_tag":[],"class_list":{"0":"post-17360","1":"product","2":"type-product","3":"status-publish","4":"has-post-thumbnail","6":"product_brand-planika","7":"product_cat-zenske-cipele","9":"first","10":"instock","11":"sale","12":"shipping-taxable","13":"product-type-external"},"jetpack-related-posts":[],"jetpack_sharing_enabled":true,"_links":{"self":[{"href":"https:\/\/cipele.ba\/en\/wp-json\/wp\/v2\/product\/17360","targetHints":{"allow":["GET"]}}],"collection":[{"href":"https:\/\/cipele.ba\/en\/wp-json\/wp\/v2\/product"}],"about":[{"href":"https:\/\/cipele.ba\/en\/wp-json\/wp\/v2\/types\/product"}],"wp:featuredmedia":[{"embeddable":true,"href":"https:\/\/cipele.ba\/en\/wp-json\/wp\/v2\/media\/17357"}],"wp:attachment":[{"href":"https:\/\/cipele.ba\/en\/wp-json\/wp\/v2\/media?parent=17360"}],"wp:term":[{"taxonomy":"product_brand","embeddable":true,"href":"https:\/\/cipele.ba\/en\/wp-json\/wp\/v2\/product_brand?post=17360"},{"taxonomy":"product_cat","embeddable":true,"href":"https:\/\/cipele.ba\/en\/wp-json\/wp\/v2\/product_cat?post=17360"},{"taxonomy":"product_tag","embeddable":true,"href":"https:\/\/cipele.ba\/en\/wp-json\/wp\/v2\/product_tag?post=17360"}],"curies":[{"name":"wp","href":"https:\/\/api.w.org\/{rel}","templated":true}]}}