{"id":17431,"date":"2025-08-20T21:29:16","date_gmt":"2025-08-20T21:29:16","guid":{"rendered":"https:\/\/cipele.ba\/shop\/uncategorized\/ara-zenska-cipela-50zcj23102\/"},"modified":"2026-04-16T06:29:10","modified_gmt":"2026-04-16T06:29:10","slug":"ara-zenska-cipela-50zcj23102","status":"publish","type":"product","link":"https:\/\/cipele.ba\/en\/shop\/zene\/zenske-cipele\/ara-zenska-cipela-50zcj23102\/","title":{"rendered":"Ara \u017denska cipela 50ZCJ23102"},"content":{"rendered":"<p>Kompanija locirana u Lagenfeldu, Njema\u010dkoj sa preko 2700 zaposlenih. U porodi\u010dnom vlasni\u0161tvu vi\u0161e od 70 godina. Odgovornost je va\u017ean dio politike Ara kompanije &#8211; prema okoli\u0161u u nabavci i proizvodnji materijala, prema zaposlenima, dobavlja\u010dima i njihovim porodicama. Ara pri svojoj proizvodnji vodi ra\u010duna da je obu\u0107a udobna, a istovremeno i moderna. Uprkos svim trendovima ostaju vjerni svojoj orijentaciji, kao \u0161to kupci ostaju vjerni njima.<\/p>","protected":false},"excerpt":{"rendered":"<p>Kompanija locirana u Lagenfeldu, Njema\u010dkoj sa preko 2700 zaposlenih. U porodi\u010dnom vlasni\u0161tvu vi\u0161e od 70 godina. Odgovornost je va\u017ean dio politike Ara kompanije &#8211; prema okoli\u0161u u nabavci i proizvodnji materijala, prema zaposlenima, dobavlja\u010dima i njihovim porodicama. Ara pri svojoj proizvodnji vodi ra\u010duna da je obu\u0107a udobna, a istovremeno i moderna. Uprkos svim trendovima ostaju [&hellip;]<\/p>","protected":false},"featured_media":17427,"template":"","meta":{"jetpack_post_was_ever_published":false},"product_brand":[86],"product_cat":[62],"product_tag":[],"class_list":{"0":"post-17431","1":"product","2":"type-product","3":"status-publish","4":"has-post-thumbnail","6":"product_brand-planika","7":"product_cat-zenske-cipele","9":"first","10":"instock","11":"shipping-taxable","12":"product-type-external"},"jetpack-related-posts":[],"jetpack_sharing_enabled":true,"_links":{"self":[{"href":"https:\/\/cipele.ba\/en\/wp-json\/wp\/v2\/product\/17431","targetHints":{"allow":["GET"]}}],"collection":[{"href":"https:\/\/cipele.ba\/en\/wp-json\/wp\/v2\/product"}],"about":[{"href":"https:\/\/cipele.ba\/en\/wp-json\/wp\/v2\/types\/product"}],"wp:featuredmedia":[{"embeddable":true,"href":"https:\/\/cipele.ba\/en\/wp-json\/wp\/v2\/media\/17427"}],"wp:attachment":[{"href":"https:\/\/cipele.ba\/en\/wp-json\/wp\/v2\/media?parent=17431"}],"wp:term":[{"taxonomy":"product_brand","embeddable":true,"href":"https:\/\/cipele.ba\/en\/wp-json\/wp\/v2\/product_brand?post=17431"},{"taxonomy":"product_cat","embeddable":true,"href":"https:\/\/cipele.ba\/en\/wp-json\/wp\/v2\/product_cat?post=17431"},{"taxonomy":"product_tag","embeddable":true,"href":"https:\/\/cipele.ba\/en\/wp-json\/wp\/v2\/product_tag?post=17431"}],"curies":[{"name":"wp","href":"https:\/\/api.w.org\/{rel}","templated":true}]}}