{"id":17491,"date":"2025-08-20T21:30:00","date_gmt":"2025-08-20T21:30:00","guid":{"rendered":"https:\/\/cipele.ba\/shop\/uncategorized\/hogl-zenska-cipela-49zcj12652\/"},"modified":"2026-04-18T23:49:20","modified_gmt":"2026-04-18T23:49:20","slug":"hogl-zenska-cipela-49zcj12652","status":"publish","type":"product","link":"https:\/\/cipele.ba\/en\/shop\/zene\/zenske-cipele\/hogl-zenska-cipela-49zcj12652\/","title":{"rendered":"Hogl \u017denska cipela 49ZCJ12652"},"content":{"rendered":"","protected":false},"excerpt":{"rendered":"<p>Austrijska porodi\u010dna kompanija sa 85-godi\u0161njom historijom, oblikovani dugom tradicijom, \u017eivim vrijednostima i razvijenom stru\u010dno\u0161\u0107u u trgovini obu\u0107om. H\u00f6gl cipela je rezultat vi\u0161edecenijskog iskustva u tradicionalnoj proizvodnji cipela.<\/p>","protected":false},"featured_media":17487,"template":"","meta":{"jetpack_post_was_ever_published":false},"product_brand":[86],"product_cat":[62],"product_tag":[],"class_list":{"0":"post-17491","1":"product","2":"type-product","3":"status-publish","4":"has-post-thumbnail","6":"product_brand-planika","7":"product_cat-zenske-cipele","9":"first","10":"instock","11":"sale","12":"shipping-taxable","13":"product-type-external"},"jetpack-related-posts":[],"jetpack_sharing_enabled":true,"_links":{"self":[{"href":"https:\/\/cipele.ba\/en\/wp-json\/wp\/v2\/product\/17491","targetHints":{"allow":["GET"]}}],"collection":[{"href":"https:\/\/cipele.ba\/en\/wp-json\/wp\/v2\/product"}],"about":[{"href":"https:\/\/cipele.ba\/en\/wp-json\/wp\/v2\/types\/product"}],"wp:featuredmedia":[{"embeddable":true,"href":"https:\/\/cipele.ba\/en\/wp-json\/wp\/v2\/media\/17487"}],"wp:attachment":[{"href":"https:\/\/cipele.ba\/en\/wp-json\/wp\/v2\/media?parent=17491"}],"wp:term":[{"taxonomy":"product_brand","embeddable":true,"href":"https:\/\/cipele.ba\/en\/wp-json\/wp\/v2\/product_brand?post=17491"},{"taxonomy":"product_cat","embeddable":true,"href":"https:\/\/cipele.ba\/en\/wp-json\/wp\/v2\/product_cat?post=17491"},{"taxonomy":"product_tag","embeddable":true,"href":"https:\/\/cipele.ba\/en\/wp-json\/wp\/v2\/product_tag?post=17491"}],"curies":[{"name":"wp","href":"https:\/\/api.w.org\/{rel}","templated":true}]}}