{"id":18099,"date":"2025-08-23T13:45:45","date_gmt":"2025-08-23T13:45:45","guid":{"rendered":"https:\/\/cipele.ba\/shop\/uncategorized\/mg-muska-gleznjerica-43mgl10041\/"},"modified":"2026-04-18T11:25:37","modified_gmt":"2026-04-18T11:25:37","slug":"mg-muska-gleznjerica-43mgl10041","status":"publish","type":"product","link":"https:\/\/cipele.ba\/en\/shop\/muskarci\/muske-gleznjace\/mg-muska-gleznjerica-43mgl10041\/","title":{"rendered":"M&#038;G Mu\u0161ka gle\u017enjerica 43MGL10041"},"content":{"rendered":"<p>Glavni ured nalazi se u Montebelluni (Veneto, Italija), malom gradu poznatom kao okrugu za proizvodnju sportske obu\u0107e. Iz na\u0161eg sjedi\u0161ta upravljamo kompletnim procesom: izrada projekata, istra\u017eivanje i razvoj, narud\u017ebe, nabava materijala i distribucija.<\/p>","protected":false},"excerpt":{"rendered":"<p>Glavni ured nalazi se u Montebelluni (Veneto, Italija), malom gradu poznatom kao okrugu za proizvodnju sportske obu\u0107e. Iz na\u0161eg sjedi\u0161ta upravljamo kompletnim procesom: izrada projekata, istra\u017eivanje i razvoj, narud\u017ebe, nabava materijala i distribucija.<\/p>","protected":false},"featured_media":18097,"template":"","meta":{"jetpack_post_was_ever_published":false},"product_brand":[86],"product_cat":[68],"product_tag":[],"class_list":{"0":"post-18099","1":"product","2":"type-product","3":"status-publish","4":"has-post-thumbnail","6":"product_brand-planika","7":"product_cat-muske-gleznjace","9":"first","10":"instock","11":"shipping-taxable","12":"product-type-external"},"jetpack-related-posts":[],"jetpack_sharing_enabled":true,"_links":{"self":[{"href":"https:\/\/cipele.ba\/en\/wp-json\/wp\/v2\/product\/18099","targetHints":{"allow":["GET"]}}],"collection":[{"href":"https:\/\/cipele.ba\/en\/wp-json\/wp\/v2\/product"}],"about":[{"href":"https:\/\/cipele.ba\/en\/wp-json\/wp\/v2\/types\/product"}],"wp:featuredmedia":[{"embeddable":true,"href":"https:\/\/cipele.ba\/en\/wp-json\/wp\/v2\/media\/18097"}],"wp:attachment":[{"href":"https:\/\/cipele.ba\/en\/wp-json\/wp\/v2\/media?parent=18099"}],"wp:term":[{"taxonomy":"product_brand","embeddable":true,"href":"https:\/\/cipele.ba\/en\/wp-json\/wp\/v2\/product_brand?post=18099"},{"taxonomy":"product_cat","embeddable":true,"href":"https:\/\/cipele.ba\/en\/wp-json\/wp\/v2\/product_cat?post=18099"},{"taxonomy":"product_tag","embeddable":true,"href":"https:\/\/cipele.ba\/en\/wp-json\/wp\/v2\/product_tag?post=18099"}],"curies":[{"name":"wp","href":"https:\/\/api.w.org\/{rel}","templated":true}]}}