{"id":18144,"date":"2025-08-23T13:46:18","date_gmt":"2025-08-23T13:46:18","guid":{"rendered":"https:\/\/cipele.ba\/shop\/uncategorized\/puma-muska-gleznjerica-39mgl10021\/"},"modified":"2026-04-18T11:25:49","modified_gmt":"2026-04-18T11:25:49","slug":"puma-muska-gleznjerica-39mgl10021","status":"publish","type":"product","link":"https:\/\/cipele.ba\/en\/shop\/muskarci\/muske-gleznjace\/puma-muska-gleznjerica-39mgl10021\/","title":{"rendered":"Puma Mu\u0161ka gle\u017enjerica 39MGL10021"},"content":{"rendered":"","protected":false},"excerpt":{"rendered":"<p>Puma, je njema\u010dka multinacionalna korporacija koja dizajnira i proizvodi sportsku i casual obu\u0107u, odje\u0107u i modne dodatke, \u010dije je sjedi\u0161te u Herzogenaurachu, Bavarska, Njema\u010dka. Puma je tre\u0107i najve\u0107i proizvo\u0111a\u010d sportske odje\u0107e na svijetu<\/p>","protected":false},"featured_media":18140,"template":"","meta":{"jetpack_post_was_ever_published":false},"product_brand":[86],"product_cat":[68],"product_tag":[],"class_list":{"0":"post-18144","1":"product","2":"type-product","3":"status-publish","4":"has-post-thumbnail","6":"product_brand-planika","7":"product_cat-muske-gleznjace","9":"first","10":"instock","11":"shipping-taxable","12":"product-type-external"},"jetpack-related-posts":[],"jetpack_sharing_enabled":true,"_links":{"self":[{"href":"https:\/\/cipele.ba\/en\/wp-json\/wp\/v2\/product\/18144","targetHints":{"allow":["GET"]}}],"collection":[{"href":"https:\/\/cipele.ba\/en\/wp-json\/wp\/v2\/product"}],"about":[{"href":"https:\/\/cipele.ba\/en\/wp-json\/wp\/v2\/types\/product"}],"wp:featuredmedia":[{"embeddable":true,"href":"https:\/\/cipele.ba\/en\/wp-json\/wp\/v2\/media\/18140"}],"wp:attachment":[{"href":"https:\/\/cipele.ba\/en\/wp-json\/wp\/v2\/media?parent=18144"}],"wp:term":[{"taxonomy":"product_brand","embeddable":true,"href":"https:\/\/cipele.ba\/en\/wp-json\/wp\/v2\/product_brand?post=18144"},{"taxonomy":"product_cat","embeddable":true,"href":"https:\/\/cipele.ba\/en\/wp-json\/wp\/v2\/product_cat?post=18144"},{"taxonomy":"product_tag","embeddable":true,"href":"https:\/\/cipele.ba\/en\/wp-json\/wp\/v2\/product_tag?post=18144"}],"curies":[{"name":"wp","href":"https:\/\/api.w.org\/{rel}","templated":true}]}}