{"id":18162,"date":"2025-08-23T13:46:31","date_gmt":"2025-08-23T13:46:31","guid":{"rendered":"https:\/\/cipele.ba\/shop\/uncategorized\/bugatti-muska-gleznjerica-23mgl11531\/"},"modified":"2026-04-16T08:32:06","modified_gmt":"2026-04-16T08:32:06","slug":"bugatti-muska-gleznjerica-23mgl11531","status":"publish","type":"product","link":"https:\/\/cipele.ba\/en\/shop\/muskarci\/muske-gleznjace\/bugatti-muska-gleznjerica-23mgl11531\/","title":{"rendered":"Bugatti Mu\u0161ka gle\u017enjerica 23MGL11531"},"content":{"rendered":"<p>Kompanija Bugatti je osnovana 1947 u Njema\u010dkoj. Danas je sjedi\u0161te kompanije u \u0160vicarskoj, a visokokvalitetne dr\u017ea\u010de za cipele se proizvode u Italiji, Bugatti dizajneri su kod ku\u0107e u \u0160vicarskoj, \u0160paniji, Italiji i Njema\u010dkoj. Izvi\u0111a\u010di trendova putuju velikim svjetskim metropolama, a cipele se proizvode u Indiji i Kini, ko\u017ea i \u0111onovi se u velikoj mjeri proizvode u Europi, a nekoliko posebnih komponenti, kao \u0161to su me\u0111usloj i ljepila, isporu\u010duju se u Njema\u010dkoj. Za proizvodnju se primenjuju evropski standardi kvaliteta. Bugatti je mjesto gdje tehnologija susre\u0107e dizajn.<\/p>","protected":false},"excerpt":{"rendered":"<p>Kompanija Bugatti je osnovana 1947 u Njema\u010dkoj. Danas je sjedi\u0161te kompanije u \u0160vicarskoj, a visokokvalitetne dr\u017ea\u010de za cipele se proizvode u Italiji, Bugatti dizajneri su kod ku\u0107e u \u0160vicarskoj, \u0160paniji, Italiji i Njema\u010dkoj. Izvi\u0111a\u010di trendova putuju velikim svjetskim metropolama, a cipele se proizvode u Indiji i Kini, ko\u017ea i \u0111onovi se u velikoj mjeri proizvode [&hellip;]<\/p>","protected":false},"featured_media":18158,"template":"","meta":{"jetpack_post_was_ever_published":false},"product_brand":[86],"product_cat":[68],"product_tag":[],"class_list":{"0":"post-18162","1":"product","2":"type-product","3":"status-publish","4":"has-post-thumbnail","6":"product_brand-planika","7":"product_cat-muske-gleznjace","9":"first","10":"instock","11":"shipping-taxable","12":"product-type-external"},"jetpack-related-posts":[],"jetpack_sharing_enabled":true,"_links":{"self":[{"href":"https:\/\/cipele.ba\/en\/wp-json\/wp\/v2\/product\/18162","targetHints":{"allow":["GET"]}}],"collection":[{"href":"https:\/\/cipele.ba\/en\/wp-json\/wp\/v2\/product"}],"about":[{"href":"https:\/\/cipele.ba\/en\/wp-json\/wp\/v2\/types\/product"}],"wp:featuredmedia":[{"embeddable":true,"href":"https:\/\/cipele.ba\/en\/wp-json\/wp\/v2\/media\/18158"}],"wp:attachment":[{"href":"https:\/\/cipele.ba\/en\/wp-json\/wp\/v2\/media?parent=18162"}],"wp:term":[{"taxonomy":"product_brand","embeddable":true,"href":"https:\/\/cipele.ba\/en\/wp-json\/wp\/v2\/product_brand?post=18162"},{"taxonomy":"product_cat","embeddable":true,"href":"https:\/\/cipele.ba\/en\/wp-json\/wp\/v2\/product_cat?post=18162"},{"taxonomy":"product_tag","embeddable":true,"href":"https:\/\/cipele.ba\/en\/wp-json\/wp\/v2\/product_tag?post=18162"}],"curies":[{"name":"wp","href":"https:\/\/api.w.org\/{rel}","templated":true}]}}