{"id":18168,"date":"2025-08-23T13:46:36","date_gmt":"2025-08-23T13:46:36","guid":{"rendered":"https:\/\/cipele.ba\/shop\/uncategorized\/imac-muska-gleznjerica-25mgl10181\/"},"modified":"2026-04-18T13:20:55","modified_gmt":"2026-04-18T13:20:55","slug":"imac-muska-gleznjerica-25mgl10181","status":"publish","type":"product","link":"https:\/\/cipele.ba\/en\/shop\/muskarci\/muske-gleznjace\/imac-muska-gleznjerica-25mgl10181\/","title":{"rendered":"Imac Mu\u0161ka gle\u017enjerica 25MGL10181"},"content":{"rendered":"","protected":false},"excerpt":{"rendered":"<p>Casual gle\u017enjerice<\/p>","protected":false},"featured_media":18163,"template":"","meta":{"jetpack_post_was_ever_published":false},"product_brand":[86],"product_cat":[68],"product_tag":[],"class_list":{"0":"post-18168","1":"product","2":"type-product","3":"status-publish","4":"has-post-thumbnail","6":"product_brand-planika","7":"product_cat-muske-gleznjace","9":"first","10":"instock","11":"shipping-taxable","12":"product-type-external"},"jetpack-related-posts":[],"jetpack_sharing_enabled":true,"_links":{"self":[{"href":"https:\/\/cipele.ba\/en\/wp-json\/wp\/v2\/product\/18168","targetHints":{"allow":["GET"]}}],"collection":[{"href":"https:\/\/cipele.ba\/en\/wp-json\/wp\/v2\/product"}],"about":[{"href":"https:\/\/cipele.ba\/en\/wp-json\/wp\/v2\/types\/product"}],"wp:featuredmedia":[{"embeddable":true,"href":"https:\/\/cipele.ba\/en\/wp-json\/wp\/v2\/media\/18163"}],"wp:attachment":[{"href":"https:\/\/cipele.ba\/en\/wp-json\/wp\/v2\/media?parent=18168"}],"wp:term":[{"taxonomy":"product_brand","embeddable":true,"href":"https:\/\/cipele.ba\/en\/wp-json\/wp\/v2\/product_brand?post=18168"},{"taxonomy":"product_cat","embeddable":true,"href":"https:\/\/cipele.ba\/en\/wp-json\/wp\/v2\/product_cat?post=18168"},{"taxonomy":"product_tag","embeddable":true,"href":"https:\/\/cipele.ba\/en\/wp-json\/wp\/v2\/product_tag?post=18168"}],"curies":[{"name":"wp","href":"https:\/\/api.w.org\/{rel}","templated":true}]}}