{"id":18339,"date":"2025-08-23T13:54:52","date_gmt":"2025-08-23T13:54:52","guid":{"rendered":"https:\/\/cipele.ba\/shop\/uncategorized\/jana-zenska-gleznjerica-22zgl10002\/"},"modified":"2026-04-19T07:12:40","modified_gmt":"2026-04-19T07:12:40","slug":"jana-zenska-gleznjerica-22zgl10002","status":"publish","type":"product","link":"https:\/\/cipele.ba\/en\/shop\/zene\/zenske-gleznjace\/jana-zenska-gleznjerica-22zgl10002\/","title":{"rendered":"Jana \u017denska gle\u017enjerica 22ZGL10002"},"content":{"rendered":"<p>Brend Jana spaja aktualnu modu s visokom udobno\u0161\u0107u no\u0161enja sa atraktivnim omjerom cijene i kvaliteta &#8211; raznovrsnost Jana modela privla\u010di sve \u017eene koje cijene visokokvalitetne materijale, mekane i fleksibilne \u0111onove, udoban interijer i savr\u0161en kroj te moderan izgled. Nakon uspje\u0161nog ulaska na tr\u017ei\u0161te 2000. godine, Jana je danas zastupljena u vi\u0161e od 40 zemalja \u0161irom svijeta i jedan je od vrhunskih brendova u segmentu udobnosti.<\/p>","protected":false},"excerpt":{"rendered":"<p>Brend Jana spaja aktualnu modu s visokom udobno\u0161\u0107u no\u0161enja sa atraktivnim omjerom cijene i kvaliteta &#8211; raznovrsnost Jana modela privla\u010di sve \u017eene koje cijene visokokvalitetne materijale, mekane i fleksibilne \u0111onove, udoban interijer i savr\u0161en kroj te moderan izgled. Nakon uspje\u0161nog ulaska na tr\u017ei\u0161te 2000. godine, Jana je danas zastupljena u vi\u0161e od 40 zemalja \u0161irom [&hellip;]<\/p>","protected":false},"featured_media":18336,"template":"","meta":{"jetpack_post_was_ever_published":false},"product_brand":[86],"product_cat":[64],"product_tag":[],"class_list":{"0":"post-18339","1":"product","2":"type-product","3":"status-publish","4":"has-post-thumbnail","6":"product_brand-planika","7":"product_cat-zenske-gleznjace","9":"first","10":"instock","11":"shipping-taxable","12":"product-type-external"},"jetpack-related-posts":[],"jetpack_sharing_enabled":true,"_links":{"self":[{"href":"https:\/\/cipele.ba\/en\/wp-json\/wp\/v2\/product\/18339","targetHints":{"allow":["GET"]}}],"collection":[{"href":"https:\/\/cipele.ba\/en\/wp-json\/wp\/v2\/product"}],"about":[{"href":"https:\/\/cipele.ba\/en\/wp-json\/wp\/v2\/types\/product"}],"wp:featuredmedia":[{"embeddable":true,"href":"https:\/\/cipele.ba\/en\/wp-json\/wp\/v2\/media\/18336"}],"wp:attachment":[{"href":"https:\/\/cipele.ba\/en\/wp-json\/wp\/v2\/media?parent=18339"}],"wp:term":[{"taxonomy":"product_brand","embeddable":true,"href":"https:\/\/cipele.ba\/en\/wp-json\/wp\/v2\/product_brand?post=18339"},{"taxonomy":"product_cat","embeddable":true,"href":"https:\/\/cipele.ba\/en\/wp-json\/wp\/v2\/product_cat?post=18339"},{"taxonomy":"product_tag","embeddable":true,"href":"https:\/\/cipele.ba\/en\/wp-json\/wp\/v2\/product_tag?post=18339"}],"curies":[{"name":"wp","href":"https:\/\/api.w.org\/{rel}","templated":true}]}}