{"id":18350,"date":"2025-08-23T13:55:02","date_gmt":"2025-08-23T13:55:02","guid":{"rendered":"https:\/\/cipele.ba\/shop\/uncategorized\/s-oliver-zenska-gleznjerica-82zgl10652\/"},"modified":"2026-04-18T19:30:14","modified_gmt":"2026-04-18T19:30:14","slug":"s-oliver-zenska-gleznjerica-82zgl10652","status":"publish","type":"product","link":"https:\/\/cipele.ba\/en\/shop\/zene\/zenske-gleznjace\/s-oliver-zenska-gleznjerica-82zgl10652\/","title":{"rendered":"S.oliver \u017denska gle\u017enjerica 82ZGL10652"},"content":{"rendered":"<p>s.Oliver je njema\u010dka modna kompanija koju je 1969. godine osnovao Bernd Freier. Kompanija je izrasla iz maloga modnog butika na samo 25 \u010detvornih metara povr\u0161ine u W\u00fcrzburgu u njema\u010dkoj saveznoj republici Bavarska. Naziv tvrtke potje\u010de od &#8216;Sir Oliver&#8217; prema junaku romana Charlesa Dickensa, Oliveru Twistu. Sinonim &#8216;Sir&#8217; dodan je u po\u010dast londonskoj modno svjesnoj gospodi kako bi modna marka s.Oliver odrazila duh tog vremena.<\/p>","protected":false},"excerpt":{"rendered":"<p>s.Oliver je njema\u010dka modna kompanija koju je 1969. godine osnovao Bernd Freier. Kompanija je izrasla iz maloga modnog butika na samo 25 \u010detvornih metara povr\u0161ine u W\u00fcrzburgu u njema\u010dkoj saveznoj republici Bavarska. Naziv tvrtke potje\u010de od &#8216;Sir Oliver&#8217; prema junaku romana Charlesa Dickensa, Oliveru Twistu. Sinonim &#8216;Sir&#8217; dodan je u po\u010dast londonskoj modno svjesnoj gospodi [&hellip;]<\/p>","protected":false},"featured_media":18347,"template":"","meta":{"jetpack_post_was_ever_published":false},"product_brand":[86],"product_cat":[64],"product_tag":[],"class_list":{"0":"post-18350","1":"product","2":"type-product","3":"status-publish","4":"has-post-thumbnail","6":"product_brand-planika","7":"product_cat-zenske-gleznjace","9":"first","10":"instock","11":"shipping-taxable","12":"product-type-external"},"jetpack-related-posts":[],"jetpack_sharing_enabled":true,"_links":{"self":[{"href":"https:\/\/cipele.ba\/en\/wp-json\/wp\/v2\/product\/18350","targetHints":{"allow":["GET"]}}],"collection":[{"href":"https:\/\/cipele.ba\/en\/wp-json\/wp\/v2\/product"}],"about":[{"href":"https:\/\/cipele.ba\/en\/wp-json\/wp\/v2\/types\/product"}],"wp:featuredmedia":[{"embeddable":true,"href":"https:\/\/cipele.ba\/en\/wp-json\/wp\/v2\/media\/18347"}],"wp:attachment":[{"href":"https:\/\/cipele.ba\/en\/wp-json\/wp\/v2\/media?parent=18350"}],"wp:term":[{"taxonomy":"product_brand","embeddable":true,"href":"https:\/\/cipele.ba\/en\/wp-json\/wp\/v2\/product_brand?post=18350"},{"taxonomy":"product_cat","embeddable":true,"href":"https:\/\/cipele.ba\/en\/wp-json\/wp\/v2\/product_cat?post=18350"},{"taxonomy":"product_tag","embeddable":true,"href":"https:\/\/cipele.ba\/en\/wp-json\/wp\/v2\/product_tag?post=18350"}],"curies":[{"name":"wp","href":"https:\/\/api.w.org\/{rel}","templated":true}]}}