{"id":18375,"date":"2025-08-23T13:55:25","date_gmt":"2025-08-23T13:55:25","guid":{"rendered":"https:\/\/cipele.ba\/shop\/uncategorized\/tamaris-zenska-gleznjerica-19zgl17552\/"},"modified":"2026-04-18T09:44:21","modified_gmt":"2026-04-18T09:44:21","slug":"tamaris-zenska-gleznjerica-19zgl17552","status":"publish","type":"product","link":"https:\/\/cipele.ba\/en\/shop\/zene\/zenske-gleznjace\/tamaris-zenska-gleznjerica-19zgl17552\/","title":{"rendered":"Tamaris \u017denska gle\u017enjerica 19ZGL17552"},"content":{"rendered":"<p>Tamaris je u vlasni\u0161tvu Wortmann Group, njema\u010dke kompanije za proizvodnju cipela. Vi\u0161e od pola vijeka, strast prema cipelama \u010dine trenutak savr\u0161enim &#8211; za svakoga! Od crvenog tepiha do \u0161umske staze, za svaki dan i posebne dane: Moderne i stilski osvije\u0161tene \u017eene prona\u0107i \u0107e izuzetan raspon modela sa posebnim karakteristikama u svim na\u0161im kolekcijama.<\/p>","protected":false},"excerpt":{"rendered":"<p>Tamaris je u vlasni\u0161tvu Wortmann Group, njema\u010dke kompanije za proizvodnju cipela. Vi\u0161e od pola vijeka, strast prema cipelama \u010dine trenutak savr\u0161enim &#8211; za svakoga! Od crvenog tepiha do \u0161umske staze, za svaki dan i posebne dane: Moderne i stilski osvije\u0161tene \u017eene prona\u0107i \u0107e izuzetan raspon modela sa posebnim karakteristikama u svim na\u0161im kolekcijama.<\/p>","protected":false},"featured_media":18372,"template":"","meta":{"jetpack_post_was_ever_published":false},"product_brand":[86],"product_cat":[64],"product_tag":[],"class_list":{"0":"post-18375","1":"product","2":"type-product","3":"status-publish","4":"has-post-thumbnail","6":"product_brand-planika","7":"product_cat-zenske-gleznjace","9":"first","10":"instock","11":"shipping-taxable","12":"product-type-external"},"jetpack-related-posts":[],"jetpack_sharing_enabled":true,"_links":{"self":[{"href":"https:\/\/cipele.ba\/en\/wp-json\/wp\/v2\/product\/18375","targetHints":{"allow":["GET"]}}],"collection":[{"href":"https:\/\/cipele.ba\/en\/wp-json\/wp\/v2\/product"}],"about":[{"href":"https:\/\/cipele.ba\/en\/wp-json\/wp\/v2\/types\/product"}],"wp:featuredmedia":[{"embeddable":true,"href":"https:\/\/cipele.ba\/en\/wp-json\/wp\/v2\/media\/18372"}],"wp:attachment":[{"href":"https:\/\/cipele.ba\/en\/wp-json\/wp\/v2\/media?parent=18375"}],"wp:term":[{"taxonomy":"product_brand","embeddable":true,"href":"https:\/\/cipele.ba\/en\/wp-json\/wp\/v2\/product_brand?post=18375"},{"taxonomy":"product_cat","embeddable":true,"href":"https:\/\/cipele.ba\/en\/wp-json\/wp\/v2\/product_cat?post=18375"},{"taxonomy":"product_tag","embeddable":true,"href":"https:\/\/cipele.ba\/en\/wp-json\/wp\/v2\/product_tag?post=18375"}],"curies":[{"name":"wp","href":"https:\/\/api.w.org\/{rel}","templated":true}]}}