{"id":18516,"date":"2025-08-23T14:03:34","date_gmt":"2025-08-23T14:03:34","guid":{"rendered":"https:\/\/cipele.ba\/shop\/uncategorized\/ecco-djecija-gleznjerica-66tgl10344\/"},"modified":"2026-04-16T02:49:40","modified_gmt":"2026-04-16T02:49:40","slug":"ecco-djecija-gleznjerica-66tgl10344","status":"publish","type":"product","link":"https:\/\/cipele.ba\/en\/shop\/djeca\/djecije-gleznjace\/ecco-djecija-gleznjerica-66tgl10344\/","title":{"rendered":"Ecco Dje\u010dija gle\u017enjerica 66TGL10344"},"content":{"rendered":"<p>Otkako je ECCO pokrenuo svoj prvi proizvodni pogon u Bredebru, Danska, 1963. godine, ECCO se konstantno \u0161irio. Danas, ECCO fabrike posluju na 6 lokacija \u0161irom svijeta, isporu\u010duju\u0107i milione cipela vrhunskog kvaliteta kupcima. ECCO tako\u0111er posjeduje i upravlja vlastitim ko\u017earima. \u010cetiri ECCO-ove ko\u017eare isporu\u010duju ko\u017eu ne samo za ECCO cipele i dodatke, ve\u0107 i za neke od legendarnih svjetskih luksuznih brendova. Zaposlenike Ecco-a vodi po\u0161tovanje prema naslije\u0111u, poziv na inovacije, potraga za izvrsno\u0161\u0107u, posve\u0107enost brizi i strast.<\/p>","protected":false},"excerpt":{"rendered":"<p>Otkako je ECCO pokrenuo svoj prvi proizvodni pogon u Bredebru, Danska, 1963. godine, ECCO se konstantno \u0161irio. Danas, ECCO fabrike posluju na 6 lokacija \u0161irom svijeta, isporu\u010duju\u0107i milione cipela vrhunskog kvaliteta kupcima. ECCO tako\u0111er posjeduje i upravlja vlastitim ko\u017earima. \u010cetiri ECCO-ove ko\u017eare isporu\u010duju ko\u017eu ne samo za ECCO cipele i dodatke, ve\u0107 i za neke [&hellip;]<\/p>","protected":false},"featured_media":18512,"template":"","meta":{"jetpack_post_was_ever_published":false},"product_brand":[86],"product_cat":[72],"product_tag":[],"class_list":{"0":"post-18516","1":"product","2":"type-product","3":"status-publish","4":"has-post-thumbnail","6":"product_brand-planika","7":"product_cat-djecije-gleznjace","9":"first","10":"instock","11":"shipping-taxable","12":"product-type-external"},"jetpack-related-posts":[],"jetpack_sharing_enabled":true,"_links":{"self":[{"href":"https:\/\/cipele.ba\/en\/wp-json\/wp\/v2\/product\/18516","targetHints":{"allow":["GET"]}}],"collection":[{"href":"https:\/\/cipele.ba\/en\/wp-json\/wp\/v2\/product"}],"about":[{"href":"https:\/\/cipele.ba\/en\/wp-json\/wp\/v2\/types\/product"}],"wp:featuredmedia":[{"embeddable":true,"href":"https:\/\/cipele.ba\/en\/wp-json\/wp\/v2\/media\/18512"}],"wp:attachment":[{"href":"https:\/\/cipele.ba\/en\/wp-json\/wp\/v2\/media?parent=18516"}],"wp:term":[{"taxonomy":"product_brand","embeddable":true,"href":"https:\/\/cipele.ba\/en\/wp-json\/wp\/v2\/product_brand?post=18516"},{"taxonomy":"product_cat","embeddable":true,"href":"https:\/\/cipele.ba\/en\/wp-json\/wp\/v2\/product_cat?post=18516"},{"taxonomy":"product_tag","embeddable":true,"href":"https:\/\/cipele.ba\/en\/wp-json\/wp\/v2\/product_tag?post=18516"}],"curies":[{"name":"wp","href":"https:\/\/api.w.org\/{rel}","templated":true}]}}