{"id":18524,"date":"2025-08-23T14:03:39","date_gmt":"2025-08-23T14:03:39","guid":{"rendered":"https:\/\/cipele.ba\/shop\/uncategorized\/skechers-djecija-gleznjerica-83dgl10123\/"},"modified":"2026-04-18T13:04:01","modified_gmt":"2026-04-18T13:04:01","slug":"skechers-djecija-gleznjerica-83dgl10123","status":"publish","type":"product","link":"https:\/\/cipele.ba\/en\/shop\/djeca\/djecije-gleznjace\/skechers-djecija-gleznjerica-83dgl10123\/","title":{"rendered":"Skechers Dje\u010dija gle\u017enjerica 83DGL10123"},"content":{"rendered":"","protected":false},"excerpt":{"rendered":"<p>Skechers je 1992. godine osnovao Robert Greenberg u SAD-u. Kompanija dizajnira, razvija i prodaje niz obu\u0107e za \u017eivotni stil i performanse, odje\u0107e i dodataka za odrasle i djecu;<\/p>","protected":false},"featured_media":18520,"template":"","meta":{"jetpack_post_was_ever_published":false},"product_brand":[86],"product_cat":[72],"product_tag":[],"class_list":{"0":"post-18524","1":"product","2":"type-product","3":"status-publish","4":"has-post-thumbnail","6":"product_brand-planika","7":"product_cat-djecije-gleznjace","9":"first","10":"instock","11":"shipping-taxable","12":"product-type-external"},"jetpack-related-posts":[],"jetpack_sharing_enabled":true,"_links":{"self":[{"href":"https:\/\/cipele.ba\/en\/wp-json\/wp\/v2\/product\/18524","targetHints":{"allow":["GET"]}}],"collection":[{"href":"https:\/\/cipele.ba\/en\/wp-json\/wp\/v2\/product"}],"about":[{"href":"https:\/\/cipele.ba\/en\/wp-json\/wp\/v2\/types\/product"}],"wp:featuredmedia":[{"embeddable":true,"href":"https:\/\/cipele.ba\/en\/wp-json\/wp\/v2\/media\/18520"}],"wp:attachment":[{"href":"https:\/\/cipele.ba\/en\/wp-json\/wp\/v2\/media?parent=18524"}],"wp:term":[{"taxonomy":"product_brand","embeddable":true,"href":"https:\/\/cipele.ba\/en\/wp-json\/wp\/v2\/product_brand?post=18524"},{"taxonomy":"product_cat","embeddable":true,"href":"https:\/\/cipele.ba\/en\/wp-json\/wp\/v2\/product_cat?post=18524"},{"taxonomy":"product_tag","embeddable":true,"href":"https:\/\/cipele.ba\/en\/wp-json\/wp\/v2\/product_tag?post=18524"}],"curies":[{"name":"wp","href":"https:\/\/api.w.org\/{rel}","templated":true}]}}