{"id":18539,"date":"2025-08-23T14:03:49","date_gmt":"2025-08-23T14:03:49","guid":{"rendered":"https:\/\/cipele.ba\/shop\/uncategorized\/cortina-djecija-gleznjerica-97dgl10193\/"},"modified":"2026-04-16T02:43:03","modified_gmt":"2026-04-16T02:43:03","slug":"cortina-djecija-gleznjerica-97dgl10193","status":"publish","type":"product","link":"https:\/\/cipele.ba\/en\/shop\/djeca\/djecije-gleznjace\/cortina-djecija-gleznjerica-97dgl10193\/","title":{"rendered":"Cortina Dje\u010dija gle\u017enjerica 97DGL10193"},"content":{"rendered":"","protected":false},"excerpt":{"rendered":"<p>Cortina je porodi\u010dna kompanija koja je osnovana ranih pedesetih u Oudenaardeu u Belgiji. Danas je me\u0111unarodna kompanija specijalizirana za obu\u0107u i odje\u0107u te opskrbljuje veletrgovce i trgovce na malo diljem svijeta.<\/p>","protected":false},"featured_media":18535,"template":"","meta":{"jetpack_post_was_ever_published":false},"product_brand":[86],"product_cat":[72],"product_tag":[],"class_list":{"0":"post-18539","1":"product","2":"type-product","3":"status-publish","4":"has-post-thumbnail","6":"product_brand-planika","7":"product_cat-djecije-gleznjace","9":"first","10":"instock","11":"shipping-taxable","12":"product-type-external"},"jetpack-related-posts":[],"jetpack_sharing_enabled":true,"_links":{"self":[{"href":"https:\/\/cipele.ba\/en\/wp-json\/wp\/v2\/product\/18539","targetHints":{"allow":["GET"]}}],"collection":[{"href":"https:\/\/cipele.ba\/en\/wp-json\/wp\/v2\/product"}],"about":[{"href":"https:\/\/cipele.ba\/en\/wp-json\/wp\/v2\/types\/product"}],"wp:featuredmedia":[{"embeddable":true,"href":"https:\/\/cipele.ba\/en\/wp-json\/wp\/v2\/media\/18535"}],"wp:attachment":[{"href":"https:\/\/cipele.ba\/en\/wp-json\/wp\/v2\/media?parent=18539"}],"wp:term":[{"taxonomy":"product_brand","embeddable":true,"href":"https:\/\/cipele.ba\/en\/wp-json\/wp\/v2\/product_brand?post=18539"},{"taxonomy":"product_cat","embeddable":true,"href":"https:\/\/cipele.ba\/en\/wp-json\/wp\/v2\/product_cat?post=18539"},{"taxonomy":"product_tag","embeddable":true,"href":"https:\/\/cipele.ba\/en\/wp-json\/wp\/v2\/product_tag?post=18539"}],"curies":[{"name":"wp","href":"https:\/\/api.w.org\/{rel}","templated":true}]}}