{"id":18591,"date":"2025-08-23T14:04:28","date_gmt":"2025-08-23T14:04:28","guid":{"rendered":"https:\/\/cipele.ba\/shop\/uncategorized\/mexx-djecija-gleznjerica-18dgl43623\/"},"modified":"2026-04-28T01:21:15","modified_gmt":"2026-04-28T01:21:15","slug":"mexx-djecija-gleznjerica-18dgl43623","status":"publish","type":"product","link":"https:\/\/cipele.ba\/en\/shop\/djeca\/djecije-gleznjace\/mexx-djecija-gleznjerica-18dgl43623\/","title":{"rendered":"Mexx Dje\u010dija gle\u017enjerica 18DGL43623"},"content":{"rendered":"","protected":false},"excerpt":{"rendered":"<p>Mexx je nizozemski modni brend koji je stvorio Rattan Chadha 1986. spajanjem svojih brendova Mustache (za mu\u0161karce) i Emmanuelle (za \u017eene). Mexx je izrastao u me\u0111unarodni brend \u017eenske, mu\u0161ke i dje\u010dje odje\u0107e sa trgovinama u vi\u0161e od 50 zemalja.<\/p>","protected":false},"featured_media":18588,"template":"","meta":{"jetpack_post_was_ever_published":false},"product_brand":[86],"product_cat":[72],"product_tag":[],"class_list":{"0":"post-18591","1":"product","2":"type-product","3":"status-publish","4":"has-post-thumbnail","6":"product_brand-planika","7":"product_cat-djecije-gleznjace","9":"first","10":"instock","11":"shipping-taxable","12":"product-type-external"},"jetpack-related-posts":[],"jetpack_sharing_enabled":true,"_links":{"self":[{"href":"https:\/\/cipele.ba\/en\/wp-json\/wp\/v2\/product\/18591","targetHints":{"allow":["GET"]}}],"collection":[{"href":"https:\/\/cipele.ba\/en\/wp-json\/wp\/v2\/product"}],"about":[{"href":"https:\/\/cipele.ba\/en\/wp-json\/wp\/v2\/types\/product"}],"wp:featuredmedia":[{"embeddable":true,"href":"https:\/\/cipele.ba\/en\/wp-json\/wp\/v2\/media\/18588"}],"wp:attachment":[{"href":"https:\/\/cipele.ba\/en\/wp-json\/wp\/v2\/media?parent=18591"}],"wp:term":[{"taxonomy":"product_brand","embeddable":true,"href":"https:\/\/cipele.ba\/en\/wp-json\/wp\/v2\/product_brand?post=18591"},{"taxonomy":"product_cat","embeddable":true,"href":"https:\/\/cipele.ba\/en\/wp-json\/wp\/v2\/product_cat?post=18591"},{"taxonomy":"product_tag","embeddable":true,"href":"https:\/\/cipele.ba\/en\/wp-json\/wp\/v2\/product_tag?post=18591"}],"curies":[{"name":"wp","href":"https:\/\/api.w.org\/{rel}","templated":true}]}}