{"id":18716,"date":"2025-08-23T14:12:50","date_gmt":"2025-08-23T14:12:50","guid":{"rendered":"https:\/\/cipele.ba\/shop\/uncategorized\/d-franklin-zenska-cizma-59zgl10192\/"},"modified":"2026-04-15T14:32:27","modified_gmt":"2026-04-15T14:32:27","slug":"d-franklin-zenska-cizma-59zgl10192","status":"publish","type":"product","link":"https:\/\/cipele.ba\/en\/shop\/zene\/zenske-cizme\/d-franklin-zenska-cizma-59zgl10192\/","title":{"rendered":"D.Franklin \u017denska \u010dizma 59ZGL10192"},"content":{"rendered":"<p>D. Franklin je nastao 2014. godine, zaintrigiran idejom stvaranja slobodnog brenda. Ovaj \u0160panjolski brend je danas prepoznatljiv \u0161irom svijeta po kultnom dizajnu nao\u010dara i obu\u0107e. Isti\u010de se modernim i kvalitetnim cipelama, kreiranim da se prilagode svim prilikama. Ro\u0111en na inicijativu dva brata, posluje uglavnom online, \u0161to omogu\u0107ava ponudu visokokvalitetnih proizvoda po pristupa\u010dnim cijenama.<\/p>","protected":false},"excerpt":{"rendered":"<p>D. Franklin je nastao 2014. godine, zaintrigiran idejom stvaranja slobodnog brenda. Ovaj \u0160panjolski brend je danas prepoznatljiv \u0161irom svijeta po kultnom dizajnu nao\u010dara i obu\u0107e. Isti\u010de se modernim i kvalitetnim cipelama, kreiranim da se prilagode svim prilikama. Ro\u0111en na inicijativu dva brata, posluje uglavnom online, \u0161to omogu\u0107ava ponudu visokokvalitetnih proizvoda po pristupa\u010dnim cijenama.<\/p>","protected":false},"featured_media":18712,"template":"","meta":{"jetpack_post_was_ever_published":false},"product_brand":[86],"product_cat":[81],"product_tag":[],"class_list":{"0":"post-18716","1":"product","2":"type-product","3":"status-publish","4":"has-post-thumbnail","6":"product_brand-planika","7":"product_cat-zenske-cizme","9":"first","10":"instock","11":"shipping-taxable","12":"product-type-external"},"jetpack-related-posts":[],"jetpack_sharing_enabled":true,"_links":{"self":[{"href":"https:\/\/cipele.ba\/en\/wp-json\/wp\/v2\/product\/18716","targetHints":{"allow":["GET"]}}],"collection":[{"href":"https:\/\/cipele.ba\/en\/wp-json\/wp\/v2\/product"}],"about":[{"href":"https:\/\/cipele.ba\/en\/wp-json\/wp\/v2\/types\/product"}],"wp:featuredmedia":[{"embeddable":true,"href":"https:\/\/cipele.ba\/en\/wp-json\/wp\/v2\/media\/18712"}],"wp:attachment":[{"href":"https:\/\/cipele.ba\/en\/wp-json\/wp\/v2\/media?parent=18716"}],"wp:term":[{"taxonomy":"product_brand","embeddable":true,"href":"https:\/\/cipele.ba\/en\/wp-json\/wp\/v2\/product_brand?post=18716"},{"taxonomy":"product_cat","embeddable":true,"href":"https:\/\/cipele.ba\/en\/wp-json\/wp\/v2\/product_cat?post=18716"},{"taxonomy":"product_tag","embeddable":true,"href":"https:\/\/cipele.ba\/en\/wp-json\/wp\/v2\/product_tag?post=18716"}],"curies":[{"name":"wp","href":"https:\/\/api.w.org\/{rel}","templated":true}]}}