{"id":18742,"date":"2025-08-23T14:13:07","date_gmt":"2025-08-23T14:13:07","guid":{"rendered":"https:\/\/cipele.ba\/shop\/uncategorized\/caprice-zenska-cizma-05zgl11392\/"},"modified":"2026-04-16T03:13:04","modified_gmt":"2026-04-16T03:13:04","slug":"caprice-zenska-cizma-05zgl11392","status":"publish","type":"product","link":"https:\/\/cipele.ba\/en\/shop\/zene\/zenske-cizme\/caprice-zenska-cizma-05zgl11392\/","title":{"rendered":"Caprice \u017denska \u010dizma 05ZGL11392"},"content":{"rendered":"<p>CAPRICE kolekcije su u potpunosti razvijene u sjedi\u0161tu kompanije u Njema\u010dkoj od strane modelara, dizajnera i tehni\u010dara. Proizvo\u0111a\u010di \u0161irom svijeta pru\u017eaju atraktivan omjer cijene i u\u010dinka uz istovremeno visok kvalitet obu\u0107e.Vi\u0161e od 30 godina, strast prema cipelama je ono \u0161to ovu kompaniju motivi\u0161e rade na visokom nivou i da budu sve bolji i bolji. Visoka kvaliteta, privla\u010dan dizajn, inovacije i odli\u010dno pristajanje su ono \u0161to oblikuje kulturu Caprice brenda i \u010dini cipele tako jedinstvenim. U vi\u0161e od 40 zemalja inspiriraju ljubitelje obu\u0107e koji cijene prvoklasne materijale i visoku udobnost no\u0161enja.<\/p>","protected":false},"excerpt":{"rendered":"<p>CAPRICE kolekcije su u potpunosti razvijene u sjedi\u0161tu kompanije u Njema\u010dkoj od strane modelara, dizajnera i tehni\u010dara. Proizvo\u0111a\u010di \u0161irom svijeta pru\u017eaju atraktivan omjer cijene i u\u010dinka uz istovremeno visok kvalitet obu\u0107e.Vi\u0161e od 30 godina, strast prema cipelama je ono \u0161to ovu kompaniju motivi\u0161e rade na visokom nivou i da budu sve bolji i bolji. Visoka [&hellip;]<\/p>","protected":false},"featured_media":18738,"template":"","meta":{"jetpack_post_was_ever_published":false},"product_brand":[86],"product_cat":[81],"product_tag":[],"class_list":{"0":"post-18742","1":"product","2":"type-product","3":"status-publish","4":"has-post-thumbnail","6":"product_brand-planika","7":"product_cat-zenske-cizme","9":"first","10":"instock","11":"shipping-taxable","12":"product-type-external"},"jetpack-related-posts":[],"jetpack_sharing_enabled":true,"_links":{"self":[{"href":"https:\/\/cipele.ba\/en\/wp-json\/wp\/v2\/product\/18742","targetHints":{"allow":["GET"]}}],"collection":[{"href":"https:\/\/cipele.ba\/en\/wp-json\/wp\/v2\/product"}],"about":[{"href":"https:\/\/cipele.ba\/en\/wp-json\/wp\/v2\/types\/product"}],"wp:featuredmedia":[{"embeddable":true,"href":"https:\/\/cipele.ba\/en\/wp-json\/wp\/v2\/media\/18738"}],"wp:attachment":[{"href":"https:\/\/cipele.ba\/en\/wp-json\/wp\/v2\/media?parent=18742"}],"wp:term":[{"taxonomy":"product_brand","embeddable":true,"href":"https:\/\/cipele.ba\/en\/wp-json\/wp\/v2\/product_brand?post=18742"},{"taxonomy":"product_cat","embeddable":true,"href":"https:\/\/cipele.ba\/en\/wp-json\/wp\/v2\/product_cat?post=18742"},{"taxonomy":"product_tag","embeddable":true,"href":"https:\/\/cipele.ba\/en\/wp-json\/wp\/v2\/product_tag?post=18742"}],"curies":[{"name":"wp","href":"https:\/\/api.w.org\/{rel}","templated":true}]}}