{"id":18756,"date":"2025-08-23T14:13:17","date_gmt":"2025-08-23T14:13:17","guid":{"rendered":"https:\/\/cipele.ba\/shop\/uncategorized\/bagatt-zenska-cizma-23zgl10932\/"},"modified":"2026-04-18T09:25:51","modified_gmt":"2026-04-18T09:25:51","slug":"bagatt-zenska-cizma-23zgl10932","status":"publish","type":"product","link":"https:\/\/cipele.ba\/en\/shop\/zene\/zenske-cizme\/bagatt-zenska-cizma-23zgl10932\/","title":{"rendered":"Bagatt \u017denska \u010dizma 23ZGL10932"},"content":{"rendered":"<p>Bagatt je brend iz Milana i potje\u010de 80-ih godina pro\u0161log stolje\u0107a i dolazi iz sjeverne Italije. Zala\u017ee se za simbiozu modernih, modernih \u017eenskih cipela i stilskog, italijanskog rukopisa. BAGATT je izraz italijanske lako\u0107e i brand za svjesne donositelje odluka.<\/p>","protected":false},"excerpt":{"rendered":"<p>Bagatt je brend iz Milana i potje\u010de 80-ih godina pro\u0161log stolje\u0107a i dolazi iz sjeverne Italije. Zala\u017ee se za simbiozu modernih, modernih \u017eenskih cipela i stilskog, italijanskog rukopisa. BAGATT je izraz italijanske lako\u0107e i brand za svjesne donositelje odluka.<\/p>","protected":false},"featured_media":18752,"template":"","meta":{"jetpack_post_was_ever_published":false},"product_brand":[86],"product_cat":[81],"product_tag":[],"class_list":{"0":"post-18756","1":"product","2":"type-product","3":"status-publish","4":"has-post-thumbnail","6":"product_brand-planika","7":"product_cat-zenske-cizme","9":"first","10":"instock","11":"shipping-taxable","12":"product-type-external"},"jetpack-related-posts":[],"jetpack_sharing_enabled":true,"_links":{"self":[{"href":"https:\/\/cipele.ba\/en\/wp-json\/wp\/v2\/product\/18756","targetHints":{"allow":["GET"]}}],"collection":[{"href":"https:\/\/cipele.ba\/en\/wp-json\/wp\/v2\/product"}],"about":[{"href":"https:\/\/cipele.ba\/en\/wp-json\/wp\/v2\/types\/product"}],"wp:featuredmedia":[{"embeddable":true,"href":"https:\/\/cipele.ba\/en\/wp-json\/wp\/v2\/media\/18752"}],"wp:attachment":[{"href":"https:\/\/cipele.ba\/en\/wp-json\/wp\/v2\/media?parent=18756"}],"wp:term":[{"taxonomy":"product_brand","embeddable":true,"href":"https:\/\/cipele.ba\/en\/wp-json\/wp\/v2\/product_brand?post=18756"},{"taxonomy":"product_cat","embeddable":true,"href":"https:\/\/cipele.ba\/en\/wp-json\/wp\/v2\/product_cat?post=18756"},{"taxonomy":"product_tag","embeddable":true,"href":"https:\/\/cipele.ba\/en\/wp-json\/wp\/v2\/product_tag?post=18756"}],"curies":[{"name":"wp","href":"https:\/\/api.w.org\/{rel}","templated":true}]}}