{"id":18805,"date":"2025-08-23T14:13:52","date_gmt":"2025-08-23T14:13:52","guid":{"rendered":"https:\/\/cipele.ba\/shop\/uncategorized\/skandia-zenska-cizma-98zgl10232\/"},"modified":"2026-04-18T19:29:26","modified_gmt":"2026-04-18T19:29:26","slug":"skandia-zenska-cizma-98zgl10232","status":"publish","type":"product","link":"https:\/\/cipele.ba\/en\/shop\/zene\/zenske-cizme\/skandia-zenska-cizma-98zgl10232\/","title":{"rendered":"Skandia \u017denska \u010dizma 98ZGL10232"},"content":{"rendered":"<p>Zimske vodootporne cipele marke Scandia izra\u0111ene su po strogim standardima, materijali koje koriste su visokokvalitetni, a brend Scandia stalno iznena\u0111uje i raznim inovacijama. Cipele su po\u010deli izra\u0111ivati krajem osamdesetih godina pro\u0161log stolje\u0107a, a zbog kvalitete i trajnosti brzo su postali vrlo popularna zimska toplo podstavljena obu\u0107a.<\/p>","protected":false},"excerpt":{"rendered":"<p>Zimske vodootporne cipele marke Scandia izra\u0111ene su po strogim standardima, materijali koje koriste su visokokvalitetni, a brend Scandia stalno iznena\u0111uje i raznim inovacijama. Cipele su po\u010deli izra\u0111ivati krajem osamdesetih godina pro\u0161log stolje\u0107a, a zbog kvalitete i trajnosti brzo su postali vrlo popularna zimska toplo podstavljena obu\u0107a.<\/p>","protected":false},"featured_media":18801,"template":"","meta":{"jetpack_post_was_ever_published":false},"product_brand":[86],"product_cat":[81],"product_tag":[],"class_list":{"0":"post-18805","1":"product","2":"type-product","3":"status-publish","4":"has-post-thumbnail","6":"product_brand-planika","7":"product_cat-zenske-cizme","9":"first","10":"instock","11":"shipping-taxable","12":"product-type-external"},"jetpack-related-posts":[],"jetpack_sharing_enabled":true,"_links":{"self":[{"href":"https:\/\/cipele.ba\/en\/wp-json\/wp\/v2\/product\/18805","targetHints":{"allow":["GET"]}}],"collection":[{"href":"https:\/\/cipele.ba\/en\/wp-json\/wp\/v2\/product"}],"about":[{"href":"https:\/\/cipele.ba\/en\/wp-json\/wp\/v2\/types\/product"}],"wp:featuredmedia":[{"embeddable":true,"href":"https:\/\/cipele.ba\/en\/wp-json\/wp\/v2\/media\/18801"}],"wp:attachment":[{"href":"https:\/\/cipele.ba\/en\/wp-json\/wp\/v2\/media?parent=18805"}],"wp:term":[{"taxonomy":"product_brand","embeddable":true,"href":"https:\/\/cipele.ba\/en\/wp-json\/wp\/v2\/product_brand?post=18805"},{"taxonomy":"product_cat","embeddable":true,"href":"https:\/\/cipele.ba\/en\/wp-json\/wp\/v2\/product_cat?post=18805"},{"taxonomy":"product_tag","embeddable":true,"href":"https:\/\/cipele.ba\/en\/wp-json\/wp\/v2\/product_tag?post=18805"}],"curies":[{"name":"wp","href":"https:\/\/api.w.org\/{rel}","templated":true}]}}