{"id":19462,"date":"2025-08-23T14:49:32","date_gmt":"2025-08-23T14:49:32","guid":{"rendered":"https:\/\/cipele.ba\/shop\/uncategorized\/under-armour-ignite-select\/"},"modified":"2026-04-18T10:51:41","modified_gmt":"2026-04-18T10:51:41","slug":"under-armour-ignite-select","status":"publish","type":"product","link":"https:\/\/cipele.ba\/en\/shop\/zene\/zenske-papuce-i-sandale\/under-armour-ignite-select\/","title":{"rendered":"Under Armour Ignite Select"},"content":{"rendered":"<p>Under Armour Ignite Select su mu\u0161ke papu\u010de koje \u0107e postati va\u0161a omiljena obu\u0107a tokom toplijih dana. Bilo da ovog ljeta birate bazen, pla\u017eu ili jednostavno u\u017eivanje na gradskom asfaltu, Under Armour Ignite Select napravljene su od memorijske pjene i pru\u017eaju odli\u010dan osje\u0107aj prilikom no\u0161enja, a pored toga i poma\u017eu da se elimini\u0161e pritisak na stopala nakon vje\u017ebanja. Fiksni kai\u0161 sa uvijenim ivicama i dodatnom pjenom ispod pru\u017ea udobno pristajanje. EVA gazi\u0161te za stopala pru\u017ea amortizaciju ispod stopala, a podignuti bo\u010dni zidovi pru\u017eaju stabilnost. EVA gazi\u0161te pru\u017ea odli\u010dnu izdr\u017eljivost i vu\u010du Specifikacija: Mu\u0161ke papu\u010de Fiksni kai\u0161 sa uvijenim ivicama EVA podloga za stopala EVA \u0111on<\/p>","protected":false},"excerpt":{"rendered":"<p>Under Armour Ignite Select su mu\u0161ke papu\u010de koje \u0107e postati va\u0161a omiljena obu\u0107a tokom toplijih dana. Bilo da ovog ljeta birate bazen, pla\u017eu ili jednostavno u\u017eivanje na gradskom asfaltu, Under Armour Ignite Select napravljene su od memorijske pjene i pru\u017eaju odli\u010dan osje\u0107aj prilikom no\u0161enja, a pored toga i poma\u017eu da se elimini\u0161e pritisak na stopala [&hellip;]<\/p>","protected":false},"featured_media":19459,"template":"","meta":{"jetpack_post_was_ever_published":false},"product_brand":[94],"product_cat":[65],"product_tag":[],"class_list":{"0":"post-19462","1":"product","2":"type-product","3":"status-publish","4":"has-post-thumbnail","6":"product_brand-sport_vision","7":"product_cat-zenske-papuce-i-sandale","9":"first","10":"instock","11":"sale","12":"shipping-taxable","13":"product-type-external"},"jetpack-related-posts":[],"jetpack_sharing_enabled":true,"_links":{"self":[{"href":"https:\/\/cipele.ba\/en\/wp-json\/wp\/v2\/product\/19462","targetHints":{"allow":["GET"]}}],"collection":[{"href":"https:\/\/cipele.ba\/en\/wp-json\/wp\/v2\/product"}],"about":[{"href":"https:\/\/cipele.ba\/en\/wp-json\/wp\/v2\/types\/product"}],"wp:featuredmedia":[{"embeddable":true,"href":"https:\/\/cipele.ba\/en\/wp-json\/wp\/v2\/media\/19459"}],"wp:attachment":[{"href":"https:\/\/cipele.ba\/en\/wp-json\/wp\/v2\/media?parent=19462"}],"wp:term":[{"taxonomy":"product_brand","embeddable":true,"href":"https:\/\/cipele.ba\/en\/wp-json\/wp\/v2\/product_brand?post=19462"},{"taxonomy":"product_cat","embeddable":true,"href":"https:\/\/cipele.ba\/en\/wp-json\/wp\/v2\/product_cat?post=19462"},{"taxonomy":"product_tag","embeddable":true,"href":"https:\/\/cipele.ba\/en\/wp-json\/wp\/v2\/product_tag?post=19462"}],"curies":[{"name":"wp","href":"https:\/\/api.w.org\/{rel}","templated":true}]}}