{"id":19463,"date":"2025-08-23T14:49:32","date_gmt":"2025-08-23T14:49:32","guid":{"rendered":"https:\/\/cipele.ba\/shop\/uncategorized\/under-armour-ignite-select-2\/"},"modified":"2026-04-18T14:42:44","modified_gmt":"2026-04-18T14:42:44","slug":"under-armour-ignite-select-2","status":"publish","type":"product","link":"https:\/\/cipele.ba\/en\/shop\/zene\/zenske-papuce-i-sandale\/under-armour-ignite-select-2\/","title":{"rendered":"Under Armour Ignite Select"},"content":{"rendered":"<p>Bilo da obavljate svakodnevne obaveze ili se samo opu\u0161tate, \u017eenske papu\u010de Under Armour Ignite Select pru\u017eaju udobnost uz moderan stil. Detalji Memorijska pjena koja ne samo da pru\u017ea udobnost ve\u0107 poma\u017ee u uklanjanju pritiska sa va\u0161ih stopala nakon treninga Fiksirana traka sa zaobljenim ivicama Dodatna pjena ispod za jo\u0161 udobnije prianjanje EVA ulo\u017eak sa mekim jastukom pru\u017ea udobnost pri svakom koraku Podignuti bo\u010dni paneli za dodatnu stabilnost EVA spoljni \u0111on obezbje\u0111uje izdr\u017eljivost i odli\u010dno prianjanje<\/p>","protected":false},"excerpt":{"rendered":"<p>Bilo da obavljate svakodnevne obaveze ili se samo opu\u0161tate, \u017eenske papu\u010de Under Armour Ignite Select pru\u017eaju udobnost uz moderan stil. Detalji Memorijska pjena koja ne samo da pru\u017ea udobnost ve\u0107 poma\u017ee u uklanjanju pritiska sa va\u0161ih stopala nakon treninga Fiksirana traka sa zaobljenim ivicama Dodatna pjena ispod za jo\u0161 udobnije prianjanje EVA ulo\u017eak sa mekim [&hellip;]<\/p>","protected":false},"featured_media":19460,"template":"","meta":{"jetpack_post_was_ever_published":false},"product_brand":[94],"product_cat":[65],"product_tag":[],"class_list":{"0":"post-19463","1":"product","2":"type-product","3":"status-publish","4":"has-post-thumbnail","6":"product_brand-sport_vision","7":"product_cat-zenske-papuce-i-sandale","9":"first","10":"instock","11":"sale","12":"shipping-taxable","13":"product-type-external"},"jetpack-related-posts":[],"jetpack_sharing_enabled":true,"_links":{"self":[{"href":"https:\/\/cipele.ba\/en\/wp-json\/wp\/v2\/product\/19463","targetHints":{"allow":["GET"]}}],"collection":[{"href":"https:\/\/cipele.ba\/en\/wp-json\/wp\/v2\/product"}],"about":[{"href":"https:\/\/cipele.ba\/en\/wp-json\/wp\/v2\/types\/product"}],"wp:featuredmedia":[{"embeddable":true,"href":"https:\/\/cipele.ba\/en\/wp-json\/wp\/v2\/media\/19460"}],"wp:attachment":[{"href":"https:\/\/cipele.ba\/en\/wp-json\/wp\/v2\/media?parent=19463"}],"wp:term":[{"taxonomy":"product_brand","embeddable":true,"href":"https:\/\/cipele.ba\/en\/wp-json\/wp\/v2\/product_brand?post=19463"},{"taxonomy":"product_cat","embeddable":true,"href":"https:\/\/cipele.ba\/en\/wp-json\/wp\/v2\/product_cat?post=19463"},{"taxonomy":"product_tag","embeddable":true,"href":"https:\/\/cipele.ba\/en\/wp-json\/wp\/v2\/product_tag?post=19463"}],"curies":[{"name":"wp","href":"https:\/\/api.w.org\/{rel}","templated":true}]}}