{"id":19467,"date":"2025-08-23T14:49:36","date_gmt":"2025-08-23T14:49:36","guid":{"rendered":"https:\/\/cipele.ba\/shop\/uncategorized\/crocs-echo-slide\/"},"modified":"2026-04-19T18:40:02","modified_gmt":"2026-04-19T18:40:02","slug":"crocs-echo-slide","status":"publish","type":"product","link":"https:\/\/cipele.ba\/en\/shop\/zene\/zenske-papuce-i-sandale\/crocs-echo-slide\/","title":{"rendered":"Crocs Echo Slide"},"content":{"rendered":"<p>Crocs Echo 100% izlivena mu\u0161ka klompa je potpuno neuobi\u010dajena, sa svojim odva\u017enim profilom i dizajnom po uzoru na sportsku obu\u0107u, streetwear u du\u0161i. Detalji Nevjerovatno lagane i lake za no\u0161enje 100% izliveno Croslite\u2122 gornji\u0161te i osnova Mogu da se nose u vodi i plutaju; te\u0161ke samo stotinak grama Otvori za protok vazduha daju stopalu da di\u0161e i tako\u0111e olak\u0161avaju uklanjanje vode Lako se \u010diste i brzo su\u0161e Mo\u017ee\u0161 da ih ukrasi\u0161 kako \u017eeli\u0161 Jibbitz\u2122 privescima Dvostruka potpora zahvaljuju\u0107i Croslite\u2122 \u0111onu i LiteRide\u2122 podlozi za stopalo<\/p>","protected":false},"excerpt":{"rendered":"<p>Crocs Echo 100% izlivena mu\u0161ka klompa je potpuno neuobi\u010dajena, sa svojim odva\u017enim profilom i dizajnom po uzoru na sportsku obu\u0107u, streetwear u du\u0161i. Detalji Nevjerovatno lagane i lake za no\u0161enje 100% izliveno Croslite\u2122 gornji\u0161te i osnova Mogu da se nose u vodi i plutaju; te\u0161ke samo stotinak grama Otvori za protok vazduha daju stopalu da [&hellip;]<\/p>","protected":false},"featured_media":19464,"template":"","meta":{"jetpack_post_was_ever_published":false},"product_brand":[94],"product_cat":[65],"product_tag":[],"class_list":{"0":"post-19467","1":"product","2":"type-product","3":"status-publish","4":"has-post-thumbnail","6":"product_brand-sport_vision","7":"product_cat-zenske-papuce-i-sandale","9":"first","10":"instock","11":"sale","12":"shipping-taxable","13":"product-type-external"},"jetpack-related-posts":[],"jetpack_sharing_enabled":true,"_links":{"self":[{"href":"https:\/\/cipele.ba\/en\/wp-json\/wp\/v2\/product\/19467","targetHints":{"allow":["GET"]}}],"collection":[{"href":"https:\/\/cipele.ba\/en\/wp-json\/wp\/v2\/product"}],"about":[{"href":"https:\/\/cipele.ba\/en\/wp-json\/wp\/v2\/types\/product"}],"wp:featuredmedia":[{"embeddable":true,"href":"https:\/\/cipele.ba\/en\/wp-json\/wp\/v2\/media\/19464"}],"wp:attachment":[{"href":"https:\/\/cipele.ba\/en\/wp-json\/wp\/v2\/media?parent=19467"}],"wp:term":[{"taxonomy":"product_brand","embeddable":true,"href":"https:\/\/cipele.ba\/en\/wp-json\/wp\/v2\/product_brand?post=19467"},{"taxonomy":"product_cat","embeddable":true,"href":"https:\/\/cipele.ba\/en\/wp-json\/wp\/v2\/product_cat?post=19467"},{"taxonomy":"product_tag","embeddable":true,"href":"https:\/\/cipele.ba\/en\/wp-json\/wp\/v2\/product_tag?post=19467"}],"curies":[{"name":"wp","href":"https:\/\/api.w.org\/{rel}","templated":true}]}}