{"id":19468,"date":"2025-08-23T14:49:36","date_gmt":"2025-08-23T14:49:36","guid":{"rendered":"https:\/\/cipele.ba\/shop\/uncategorized\/crocs-classic-mega-crush-clog\/"},"modified":"2026-04-19T10:00:19","modified_gmt":"2026-04-19T10:00:19","slug":"crocs-classic-mega-crush-clog","status":"publish","type":"product","link":"https:\/\/cipele.ba\/en\/shop\/zene\/zenske-papuce-i-sandale\/crocs-classic-mega-crush-clog\/","title":{"rendered":"Crocs CLASSIC MEGA CRUSH CLOG"},"content":{"rendered":"<p>Crocs Classic Mega Crush unisex klompa ima poja\u010dani gumeni profil \u0111ona, modernizovane detalje oko spoljnog \u0111ona, i platformu da dodatno istakne svaku tvoju odjevnu kombinaciju. Detalji Jedinstvena platforma od 2,5 in\u010da \/ 6,3 cm od poda do podloge za petu Modernizovani, poja\u010dani gumeni profil \u0111ona Teksturisani detalji na dijelovima koji okru\u017euju petu, prste i rub Mo\u017ee\u0161 da ih ukrasi\u0161 kako \u017eeli\u0161 Jibbitz\u2122 privescima Kultni Crocs Comfort\u2122: Lagane, fleksibilne, udobne bez obzira na ugao<\/p>","protected":false},"excerpt":{"rendered":"<p>Crocs Classic Mega Crush unisex klompa ima poja\u010dani gumeni profil \u0111ona, modernizovane detalje oko spoljnog \u0111ona, i platformu da dodatno istakne svaku tvoju odjevnu kombinaciju. Detalji Jedinstvena platforma od 2,5 in\u010da \/ 6,3 cm od poda do podloge za petu Modernizovani, poja\u010dani gumeni profil \u0111ona Teksturisani detalji na dijelovima koji okru\u017euju petu, prste i rub [&hellip;]<\/p>","protected":false},"featured_media":19466,"template":"","meta":{"jetpack_post_was_ever_published":false},"product_brand":[94],"product_cat":[65],"product_tag":[],"class_list":{"0":"post-19468","1":"product","2":"type-product","3":"status-publish","4":"has-post-thumbnail","6":"product_brand-sport_vision","7":"product_cat-zenske-papuce-i-sandale","9":"first","10":"instock","11":"sale","12":"shipping-taxable","13":"product-type-external"},"jetpack-related-posts":[],"jetpack_sharing_enabled":true,"_links":{"self":[{"href":"https:\/\/cipele.ba\/en\/wp-json\/wp\/v2\/product\/19468","targetHints":{"allow":["GET"]}}],"collection":[{"href":"https:\/\/cipele.ba\/en\/wp-json\/wp\/v2\/product"}],"about":[{"href":"https:\/\/cipele.ba\/en\/wp-json\/wp\/v2\/types\/product"}],"wp:featuredmedia":[{"embeddable":true,"href":"https:\/\/cipele.ba\/en\/wp-json\/wp\/v2\/media\/19466"}],"wp:attachment":[{"href":"https:\/\/cipele.ba\/en\/wp-json\/wp\/v2\/media?parent=19468"}],"wp:term":[{"taxonomy":"product_brand","embeddable":true,"href":"https:\/\/cipele.ba\/en\/wp-json\/wp\/v2\/product_brand?post=19468"},{"taxonomy":"product_cat","embeddable":true,"href":"https:\/\/cipele.ba\/en\/wp-json\/wp\/v2\/product_cat?post=19468"},{"taxonomy":"product_tag","embeddable":true,"href":"https:\/\/cipele.ba\/en\/wp-json\/wp\/v2\/product_tag?post=19468"}],"curies":[{"name":"wp","href":"https:\/\/api.w.org\/{rel}","templated":true}]}}