{"id":19475,"date":"2025-08-23T14:49:40","date_gmt":"2025-08-23T14:49:40","guid":{"rendered":"https:\/\/cipele.ba\/shop\/uncategorized\/under-armour-ansa\/"},"modified":"2026-04-21T13:21:18","modified_gmt":"2026-04-21T13:21:18","slug":"under-armour-ansa","status":"publish","type":"product","link":"https:\/\/cipele.ba\/en\/shop\/zene\/zenske-papuce-i-sandale\/under-armour-ansa\/","title":{"rendered":"Under Armour Ansa"},"content":{"rendered":"<p>Under Armour Ansa su \u017eenske papu\u010de za udobnost tokom toplih, ljetnjih dana. Svakome ko se bavi sportom potrebne su papu\u010de za svla\u010dionicu, pa smo mi napravili najbolje. Dugotrajne i udobne. Izra\u0111ene su iz jednog dijela, traka prelazi preko gornjeg dijela stopala i pru\u017ea mu savr\u0161enu sigurnost. Unutra\u0161njost papu\u010de je ispunjena EVA pjenom koja doprinosi mekanom osje\u0107aju pod nogama. Sjajan su izbor kako za sun\u010dane dane, tako i za sve aktivnosti u blizini vode, ili nakon treninga. Specifikacija: \u017denske papu\u010de Under Armour logotip EVA pjena<\/p>","protected":false},"excerpt":{"rendered":"<p>Under Armour Ansa su \u017eenske papu\u010de za udobnost tokom toplih, ljetnjih dana. Svakome ko se bavi sportom potrebne su papu\u010de za svla\u010dionicu, pa smo mi napravili najbolje. Dugotrajne i udobne. Izra\u0111ene su iz jednog dijela, traka prelazi preko gornjeg dijela stopala i pru\u017ea mu savr\u0161enu sigurnost. Unutra\u0161njost papu\u010de je ispunjena EVA pjenom koja doprinosi mekanom [&hellip;]<\/p>","protected":false},"featured_media":19472,"template":"","meta":{"jetpack_post_was_ever_published":false},"product_brand":[94],"product_cat":[65],"product_tag":[],"class_list":{"0":"post-19475","1":"product","2":"type-product","3":"status-publish","4":"has-post-thumbnail","6":"product_brand-sport_vision","7":"product_cat-zenske-papuce-i-sandale","9":"first","10":"instock","11":"sale","12":"shipping-taxable","13":"product-type-external"},"jetpack-related-posts":[],"jetpack_sharing_enabled":true,"_links":{"self":[{"href":"https:\/\/cipele.ba\/en\/wp-json\/wp\/v2\/product\/19475","targetHints":{"allow":["GET"]}}],"collection":[{"href":"https:\/\/cipele.ba\/en\/wp-json\/wp\/v2\/product"}],"about":[{"href":"https:\/\/cipele.ba\/en\/wp-json\/wp\/v2\/types\/product"}],"wp:featuredmedia":[{"embeddable":true,"href":"https:\/\/cipele.ba\/en\/wp-json\/wp\/v2\/media\/19472"}],"wp:attachment":[{"href":"https:\/\/cipele.ba\/en\/wp-json\/wp\/v2\/media?parent=19475"}],"wp:term":[{"taxonomy":"product_brand","embeddable":true,"href":"https:\/\/cipele.ba\/en\/wp-json\/wp\/v2\/product_brand?post=19475"},{"taxonomy":"product_cat","embeddable":true,"href":"https:\/\/cipele.ba\/en\/wp-json\/wp\/v2\/product_cat?post=19475"},{"taxonomy":"product_tag","embeddable":true,"href":"https:\/\/cipele.ba\/en\/wp-json\/wp\/v2\/product_tag?post=19475"}],"curies":[{"name":"wp","href":"https:\/\/api.w.org\/{rel}","templated":true}]}}