{"id":19485,"date":"2025-08-23T14:49:47","date_gmt":"2025-08-23T14:49:47","guid":{"rendered":"https:\/\/cipele.ba\/shop\/uncategorized\/ipanema-street-ii\/"},"modified":"2026-04-16T07:27:13","modified_gmt":"2026-04-16T07:27:13","slug":"ipanema-street-ii","status":"publish","type":"product","link":"https:\/\/cipele.ba\/en\/shop\/zene\/zenske-papuce-i-sandale\/ipanema-street-ii\/","title":{"rendered":"Ipanema STREET II"},"content":{"rendered":"<p>U IPANEMA STREET II \u017eenskim papu\u010dama osje\u0107a\u0107ete se i izgleda\u0107ete sjajno. Od pla\u017ea do gradskih ulica, otkri\u0107ete da moda i udobnost nemaju granice. Ovo su klasi\u010dne papu\u010de koje su prilago\u0111ene modernim damama kako po udobnosti tako i po pitanju dizajna. Napravljene su od visoko kvalitetnih materijala, a svedenim izgledom se lako uklapaju u svaku modnu kombinaciju. Specifikacija: \u017denske papu\u010de za plivanje Gornji\u0161te od sintetike \u0110on od sintetike<\/p>","protected":false},"excerpt":{"rendered":"<p>U IPANEMA STREET II \u017eenskim papu\u010dama osje\u0107a\u0107ete se i izgleda\u0107ete sjajno. Od pla\u017ea do gradskih ulica, otkri\u0107ete da moda i udobnost nemaju granice. Ovo su klasi\u010dne papu\u010de koje su prilago\u0111ene modernim damama kako po udobnosti tako i po pitanju dizajna. Napravljene su od visoko kvalitetnih materijala, a svedenim izgledom se lako uklapaju u svaku modnu [&hellip;]<\/p>","protected":false},"featured_media":19482,"template":"","meta":{"jetpack_post_was_ever_published":false},"product_brand":[94],"product_cat":[65],"product_tag":[],"class_list":{"0":"post-19485","1":"product","2":"type-product","3":"status-publish","4":"has-post-thumbnail","6":"product_brand-sport_vision","7":"product_cat-zenske-papuce-i-sandale","9":"first","10":"instock","11":"sale","12":"shipping-taxable","13":"product-type-external"},"jetpack-related-posts":[],"jetpack_sharing_enabled":true,"_links":{"self":[{"href":"https:\/\/cipele.ba\/en\/wp-json\/wp\/v2\/product\/19485","targetHints":{"allow":["GET"]}}],"collection":[{"href":"https:\/\/cipele.ba\/en\/wp-json\/wp\/v2\/product"}],"about":[{"href":"https:\/\/cipele.ba\/en\/wp-json\/wp\/v2\/types\/product"}],"wp:featuredmedia":[{"embeddable":true,"href":"https:\/\/cipele.ba\/en\/wp-json\/wp\/v2\/media\/19482"}],"wp:attachment":[{"href":"https:\/\/cipele.ba\/en\/wp-json\/wp\/v2\/media?parent=19485"}],"wp:term":[{"taxonomy":"product_brand","embeddable":true,"href":"https:\/\/cipele.ba\/en\/wp-json\/wp\/v2\/product_brand?post=19485"},{"taxonomy":"product_cat","embeddable":true,"href":"https:\/\/cipele.ba\/en\/wp-json\/wp\/v2\/product_cat?post=19485"},{"taxonomy":"product_tag","embeddable":true,"href":"https:\/\/cipele.ba\/en\/wp-json\/wp\/v2\/product_tag?post=19485"}],"curies":[{"name":"wp","href":"https:\/\/api.w.org\/{rel}","templated":true}]}}