{"id":19487,"date":"2025-08-23T14:49:49","date_gmt":"2025-08-23T14:49:49","guid":{"rendered":"https:\/\/cipele.ba\/shop\/uncategorized\/crocs-classic-crush-clog\/"},"modified":"2026-04-21T08:45:29","modified_gmt":"2026-04-21T08:45:29","slug":"crocs-classic-crush-clog","status":"publish","type":"product","link":"https:\/\/cipele.ba\/en\/shop\/zene\/zenske-papuce-i-sandale\/crocs-classic-crush-clog\/","title":{"rendered":"Crocs Classic Crush Clog"},"content":{"rendered":"<p>Crocs Classsic Crush Clog su uniseks papu\u010de koje \u0107e pru\u017eiti osvje\u017eavaju\u0107i novi pristup va\u0161oj omiljenoj klompi. Sa dodatnom visinom i hrabrim dizajnom, ova dinami\u010dna nova klompa nudi mnogo opcija personalizacije, sa Jibbitz\u2122 rupama na gornjem dijelu i okretnim zadnjim kai\u0161em. Crocs pu\u017ea udobnost koju volite, uz dodatnu dozu visine, stava i stila. Sinteti\u010dki gornji dio poseduje vodootporne perforacije. Zahvaljuju\u0107i okretnim petnim kai\u0161evima ovaj model pru\u017ea sigurnije prijanjanje, a Croslite\u2122 pjena pru\u017ea udobnost i podr\u0161ku tokom cijelog dana. Lako se \u010diste i brzo se su\u0161e, i mo\u017eete ih kombinovati sa Jibbitz\u2122 ukrasima. Visina cipele 2,4 in\u010da, mjereno od poda do pete. Specifikacija: Uniseks papu\u010de Kompatibilne sa Jibbitz\u2122 detaljima Okretni zadnji kai\u0161 Sinteti\u010dko gornji\u0161te Croslite\u2122 pjenasto gazi\u0161te<\/p>","protected":false},"excerpt":{"rendered":"<p>Crocs Classsic Crush Clog su uniseks papu\u010de koje \u0107e pru\u017eiti osvje\u017eavaju\u0107i novi pristup va\u0161oj omiljenoj klompi. Sa dodatnom visinom i hrabrim dizajnom, ova dinami\u010dna nova klompa nudi mnogo opcija personalizacije, sa Jibbitz\u2122 rupama na gornjem dijelu i okretnim zadnjim kai\u0161em. Crocs pu\u017ea udobnost koju volite, uz dodatnu dozu visine, stava i stila. Sinteti\u010dki gornji dio [&hellip;]<\/p>","protected":false},"featured_media":19484,"template":"","meta":{"jetpack_post_was_ever_published":false},"product_brand":[94],"product_cat":[65],"product_tag":[],"class_list":{"0":"post-19487","1":"product","2":"type-product","3":"status-publish","4":"has-post-thumbnail","6":"product_brand-sport_vision","7":"product_cat-zenske-papuce-i-sandale","9":"first","10":"instock","11":"sale","12":"shipping-taxable","13":"product-type-external"},"jetpack-related-posts":[],"jetpack_sharing_enabled":true,"_links":{"self":[{"href":"https:\/\/cipele.ba\/en\/wp-json\/wp\/v2\/product\/19487","targetHints":{"allow":["GET"]}}],"collection":[{"href":"https:\/\/cipele.ba\/en\/wp-json\/wp\/v2\/product"}],"about":[{"href":"https:\/\/cipele.ba\/en\/wp-json\/wp\/v2\/types\/product"}],"wp:featuredmedia":[{"embeddable":true,"href":"https:\/\/cipele.ba\/en\/wp-json\/wp\/v2\/media\/19484"}],"wp:attachment":[{"href":"https:\/\/cipele.ba\/en\/wp-json\/wp\/v2\/media?parent=19487"}],"wp:term":[{"taxonomy":"product_brand","embeddable":true,"href":"https:\/\/cipele.ba\/en\/wp-json\/wp\/v2\/product_brand?post=19487"},{"taxonomy":"product_cat","embeddable":true,"href":"https:\/\/cipele.ba\/en\/wp-json\/wp\/v2\/product_cat?post=19487"},{"taxonomy":"product_tag","embeddable":true,"href":"https:\/\/cipele.ba\/en\/wp-json\/wp\/v2\/product_tag?post=19487"}],"curies":[{"name":"wp","href":"https:\/\/api.w.org\/{rel}","templated":true}]}}