{"id":19493,"date":"2025-08-23T14:49:53","date_gmt":"2025-08-23T14:49:53","guid":{"rendered":"https:\/\/cipele.ba\/shop\/uncategorized\/nike-victori-one-2\/"},"modified":"2026-04-18T22:08:05","modified_gmt":"2026-04-18T22:08:05","slug":"nike-victori-one-2","status":"publish","type":"product","link":"https:\/\/cipele.ba\/en\/shop\/zene\/zenske-papuce-i-sandale\/nike-victori-one-2\/","title":{"rendered":"Nike Victori One"},"content":{"rendered":"<p>Od pla\u017ee do tribina, Nike Victori One su \u017eenske papu\u010de koje su obavezan komad za svakodnevne aktivnosti. Detalji Nova, mek\u0161a pjena i mehani\u010dka amortizacija Konturisani ulo\u017eak Urolani gornji dio kai\u0161a Novi dizajn kai\u0161a pru\u017ea dodatni prostor Spoljni \u0111on ima novi dezen za dodatnu trakciju Smeli Nike i Swoosh dizajni na kai\u0161u<\/p>","protected":false},"excerpt":{"rendered":"<p>Od pla\u017ee do tribina, Nike Victori One su \u017eenske papu\u010de koje su obavezan komad za svakodnevne aktivnosti. Detalji Nova, mek\u0161a pjena i mehani\u010dka amortizacija Konturisani ulo\u017eak Urolani gornji dio kai\u0161a Novi dizajn kai\u0161a pru\u017ea dodatni prostor Spoljni \u0111on ima novi dezen za dodatnu trakciju Smeli Nike i Swoosh dizajni na kai\u0161u<\/p>","protected":false},"featured_media":19491,"template":"","meta":{"jetpack_post_was_ever_published":false},"product_brand":[94],"product_cat":[65],"product_tag":[],"class_list":{"0":"post-19493","1":"product","2":"type-product","3":"status-publish","4":"has-post-thumbnail","6":"product_brand-sport_vision","7":"product_cat-zenske-papuce-i-sandale","9":"first","10":"instock","11":"sale","12":"shipping-taxable","13":"product-type-external"},"jetpack-related-posts":[],"jetpack_sharing_enabled":true,"_links":{"self":[{"href":"https:\/\/cipele.ba\/en\/wp-json\/wp\/v2\/product\/19493","targetHints":{"allow":["GET"]}}],"collection":[{"href":"https:\/\/cipele.ba\/en\/wp-json\/wp\/v2\/product"}],"about":[{"href":"https:\/\/cipele.ba\/en\/wp-json\/wp\/v2\/types\/product"}],"wp:featuredmedia":[{"embeddable":true,"href":"https:\/\/cipele.ba\/en\/wp-json\/wp\/v2\/media\/19491"}],"wp:attachment":[{"href":"https:\/\/cipele.ba\/en\/wp-json\/wp\/v2\/media?parent=19493"}],"wp:term":[{"taxonomy":"product_brand","embeddable":true,"href":"https:\/\/cipele.ba\/en\/wp-json\/wp\/v2\/product_brand?post=19493"},{"taxonomy":"product_cat","embeddable":true,"href":"https:\/\/cipele.ba\/en\/wp-json\/wp\/v2\/product_cat?post=19493"},{"taxonomy":"product_tag","embeddable":true,"href":"https:\/\/cipele.ba\/en\/wp-json\/wp\/v2\/product_tag?post=19493"}],"curies":[{"name":"wp","href":"https:\/\/api.w.org\/{rel}","templated":true}]}}