{"id":19574,"date":"2025-08-23T14:55:05","date_gmt":"2025-08-23T14:55:05","guid":{"rendered":"https:\/\/cipele.ba\/shop\/uncategorized\/adidas-adilette-3\/"},"modified":"2026-04-18T07:20:38","modified_gmt":"2026-04-18T07:20:38","slug":"adidas-adilette-3","status":"publish","type":"product","link":"https:\/\/cipele.ba\/en\/shop\/djeca\/djecije-papuce-i-sandale\/adidas-adilette-3\/","title":{"rendered":"adidas Adilette"},"content":{"rendered":"<p>Neka va\u0161oj djeci bude udobno posle bazena u ovim adidas slides papu\u010dama koje se brzo su\u0161e, sa laganom amortizacijom za ultrameku potporu i istaknutim adidas brendom za klasi\u010dni dodir. Detalji Uobi\u010dajeni kroj Slip-on konstrukcija Sinteti\u010dko gornji\u0161te s jednim kai\u0161em EVA spoljni \u0111on Cloudfoam ulo\u017eak mek kao jastuk Meka amortizacija Materijal koji se brzo su\u0161i<\/p>","protected":false},"excerpt":{"rendered":"<p>Neka va\u0161oj djeci bude udobno posle bazena u ovim adidas slides papu\u010dama koje se brzo su\u0161e, sa laganom amortizacijom za ultrameku potporu i istaknutim adidas brendom za klasi\u010dni dodir. Detalji Uobi\u010dajeni kroj Slip-on konstrukcija Sinteti\u010dko gornji\u0161te s jednim kai\u0161em EVA spoljni \u0111on Cloudfoam ulo\u017eak mek kao jastuk Meka amortizacija Materijal koji se brzo su\u0161i<\/p>","protected":false},"featured_media":19571,"template":"","meta":{"jetpack_post_was_ever_published":false},"product_brand":[94],"product_cat":[61],"product_tag":[],"class_list":{"0":"post-19574","1":"product","2":"type-product","3":"status-publish","4":"has-post-thumbnail","6":"product_brand-sport_vision","7":"product_cat-djecije-papuce-i-sandale","9":"first","10":"instock","11":"sale","12":"shipping-taxable","13":"product-type-external"},"jetpack-related-posts":[],"jetpack_sharing_enabled":true,"_links":{"self":[{"href":"https:\/\/cipele.ba\/en\/wp-json\/wp\/v2\/product\/19574","targetHints":{"allow":["GET"]}}],"collection":[{"href":"https:\/\/cipele.ba\/en\/wp-json\/wp\/v2\/product"}],"about":[{"href":"https:\/\/cipele.ba\/en\/wp-json\/wp\/v2\/types\/product"}],"wp:featuredmedia":[{"embeddable":true,"href":"https:\/\/cipele.ba\/en\/wp-json\/wp\/v2\/media\/19571"}],"wp:attachment":[{"href":"https:\/\/cipele.ba\/en\/wp-json\/wp\/v2\/media?parent=19574"}],"wp:term":[{"taxonomy":"product_brand","embeddable":true,"href":"https:\/\/cipele.ba\/en\/wp-json\/wp\/v2\/product_brand?post=19574"},{"taxonomy":"product_cat","embeddable":true,"href":"https:\/\/cipele.ba\/en\/wp-json\/wp\/v2\/product_cat?post=19574"},{"taxonomy":"product_tag","embeddable":true,"href":"https:\/\/cipele.ba\/en\/wp-json\/wp\/v2\/product_tag?post=19574"}],"curies":[{"name":"wp","href":"https:\/\/api.w.org\/{rel}","templated":true}]}}