{"id":19575,"date":"2025-08-23T14:55:05","date_gmt":"2025-08-23T14:55:05","guid":{"rendered":"https:\/\/cipele.ba\/shop\/uncategorized\/nike-kawa\/"},"modified":"2026-04-19T10:23:57","modified_gmt":"2026-04-19T10:23:57","slug":"nike-kawa","status":"publish","type":"product","link":"https:\/\/cipele.ba\/en\/shop\/djeca\/djecije-papuce-i-sandale\/nike-kawa\/","title":{"rendered":"Nike Kawa"},"content":{"rendered":"","protected":false},"excerpt":{"rendered":"<p>Spremno uronite u udobnost uz Nike Kawa papu\u010de za tinejd\u017eere. Detalji Ulo\u017eak od meke pjene pru\u017ea amortizaciju pri svakom koraku Pjenasti spoljni \u0111on ima \u017eljebove za trakciju i fleksibilnost Udobni kai\u0161 stopalu daje stabilnost<\/p>","protected":false},"featured_media":19573,"template":"","meta":{"jetpack_post_was_ever_published":false},"product_brand":[94],"product_cat":[61],"product_tag":[],"class_list":{"0":"post-19575","1":"product","2":"type-product","3":"status-publish","4":"has-post-thumbnail","6":"product_brand-sport_vision","7":"product_cat-djecije-papuce-i-sandale","9":"first","10":"instock","11":"sale","12":"shipping-taxable","13":"product-type-external"},"jetpack-related-posts":[],"jetpack_sharing_enabled":true,"_links":{"self":[{"href":"https:\/\/cipele.ba\/en\/wp-json\/wp\/v2\/product\/19575","targetHints":{"allow":["GET"]}}],"collection":[{"href":"https:\/\/cipele.ba\/en\/wp-json\/wp\/v2\/product"}],"about":[{"href":"https:\/\/cipele.ba\/en\/wp-json\/wp\/v2\/types\/product"}],"wp:featuredmedia":[{"embeddable":true,"href":"https:\/\/cipele.ba\/en\/wp-json\/wp\/v2\/media\/19573"}],"wp:attachment":[{"href":"https:\/\/cipele.ba\/en\/wp-json\/wp\/v2\/media?parent=19575"}],"wp:term":[{"taxonomy":"product_brand","embeddable":true,"href":"https:\/\/cipele.ba\/en\/wp-json\/wp\/v2\/product_brand?post=19575"},{"taxonomy":"product_cat","embeddable":true,"href":"https:\/\/cipele.ba\/en\/wp-json\/wp\/v2\/product_cat?post=19575"},{"taxonomy":"product_tag","embeddable":true,"href":"https:\/\/cipele.ba\/en\/wp-json\/wp\/v2\/product_tag?post=19575"}],"curies":[{"name":"wp","href":"https:\/\/api.w.org\/{rel}","templated":true}]}}