{"id":19600,"date":"2025-08-23T14:55:22","date_gmt":"2025-08-23T14:55:22","guid":{"rendered":"https:\/\/cipele.ba\/shop\/uncategorized\/champion-aru\/"},"modified":"2026-04-19T00:29:08","modified_gmt":"2026-04-19T00:29:08","slug":"champion-aru","status":"publish","type":"product","link":"https:\/\/cipele.ba\/en\/shop\/djeca\/djecije-papuce-i-sandale\/champion-aru\/","title":{"rendered":"Champion Aru"},"content":{"rendered":"<p>Za vesele dane na bazenu, pla\u017ei ali i po gradu, Champion Aru dje\u010dije lifestyle papu\u010de za tinejd\u017eere donose svje\u017einu, lako\u0107u i udobnost stopalima. Meko, fleksibilno gazi\u0161te \u010dini ove papu\u010de idealnim za cjelodnevno no\u0161enje. Konturisano je pa se stopalo lako uklapa. Njihov \u0111on obezbje\u0111uje odli\u010dno prianjanje i spre\u010dava klizanje po mokrim povr\u0161inama, pa \u0107e stopala va\u0161eg tinejd\u017eera biti bezbjedna u svakom trenutku. Nagla\u0161eni logo na gornji\u0161tu \u0107e ista\u0107i njegov sportski stil. Specifikacija Sinteti\u010dko gornji\u0161te Konturisano gazi\u0161te EVA \u0111on<\/p>","protected":false},"excerpt":{"rendered":"<p>Za vesele dane na bazenu, pla\u017ei ali i po gradu, Champion Aru dje\u010dije lifestyle papu\u010de za tinejd\u017eere donose svje\u017einu, lako\u0107u i udobnost stopalima. Meko, fleksibilno gazi\u0161te \u010dini ove papu\u010de idealnim za cjelodnevno no\u0161enje. Konturisano je pa se stopalo lako uklapa. Njihov \u0111on obezbje\u0111uje odli\u010dno prianjanje i spre\u010dava klizanje po mokrim povr\u0161inama, pa \u0107e stopala va\u0161eg [&hellip;]<\/p>","protected":false},"featured_media":19597,"template":"","meta":{"jetpack_post_was_ever_published":false},"product_brand":[94],"product_cat":[61],"product_tag":[],"class_list":{"0":"post-19600","1":"product","2":"type-product","3":"status-publish","4":"has-post-thumbnail","6":"product_brand-sport_vision","7":"product_cat-djecije-papuce-i-sandale","9":"first","10":"instock","11":"sale","12":"shipping-taxable","13":"product-type-external"},"jetpack-related-posts":[],"jetpack_sharing_enabled":true,"_links":{"self":[{"href":"https:\/\/cipele.ba\/en\/wp-json\/wp\/v2\/product\/19600","targetHints":{"allow":["GET"]}}],"collection":[{"href":"https:\/\/cipele.ba\/en\/wp-json\/wp\/v2\/product"}],"about":[{"href":"https:\/\/cipele.ba\/en\/wp-json\/wp\/v2\/types\/product"}],"wp:featuredmedia":[{"embeddable":true,"href":"https:\/\/cipele.ba\/en\/wp-json\/wp\/v2\/media\/19597"}],"wp:attachment":[{"href":"https:\/\/cipele.ba\/en\/wp-json\/wp\/v2\/media?parent=19600"}],"wp:term":[{"taxonomy":"product_brand","embeddable":true,"href":"https:\/\/cipele.ba\/en\/wp-json\/wp\/v2\/product_brand?post=19600"},{"taxonomy":"product_cat","embeddable":true,"href":"https:\/\/cipele.ba\/en\/wp-json\/wp\/v2\/product_cat?post=19600"},{"taxonomy":"product_tag","embeddable":true,"href":"https:\/\/cipele.ba\/en\/wp-json\/wp\/v2\/product_tag?post=19600"}],"curies":[{"name":"wp","href":"https:\/\/api.w.org\/{rel}","templated":true}]}}