{"id":19604,"date":"2025-08-23T14:55:26","date_gmt":"2025-08-23T14:55:26","guid":{"rendered":"https:\/\/cipele.ba\/shop\/uncategorized\/nike-kawa-se\/"},"modified":"2026-04-18T14:18:10","modified_gmt":"2026-04-18T14:18:10","slug":"nike-kawa-se","status":"publish","type":"product","link":"https:\/\/cipele.ba\/en\/shop\/djeca\/djecije-papuce-i-sandale\/nike-kawa-se\/","title":{"rendered":"Nike Kawa SE"},"content":{"rendered":"<p>Nike Kawa SE su udobne dje\u010dije sandale za svakodnevne dje\u010dije aktivnosti. Gazi\u0161te od meke, fleksibilne pjene obezbje\u0111uje dodatnu udobnost va\u0161im mali\u0161anima. \u017dljebovi na \u0111onu protiv klizanja. Specifikacija: Sandale za bebe i djecu. Lasti\u0161 traka na peti Pjenasto gazi\u0161te<\/p>","protected":false},"excerpt":{"rendered":"<p>Nike Kawa SE su udobne dje\u010dije sandale za svakodnevne dje\u010dije aktivnosti. Gazi\u0161te od meke, fleksibilne pjene obezbje\u0111uje dodatnu udobnost va\u0161im mali\u0161anima. \u017dljebovi na \u0111onu protiv klizanja. Specifikacija: Sandale za bebe i djecu. Lasti\u0161 traka na peti Pjenasto gazi\u0161te<\/p>","protected":false},"featured_media":19601,"template":"","meta":{"jetpack_post_was_ever_published":false},"product_brand":[94],"product_cat":[61],"product_tag":[],"class_list":{"0":"post-19604","1":"product","2":"type-product","3":"status-publish","4":"has-post-thumbnail","6":"product_brand-sport_vision","7":"product_cat-djecije-papuce-i-sandale","9":"first","10":"instock","11":"sale","12":"shipping-taxable","13":"product-type-external"},"jetpack-related-posts":[],"jetpack_sharing_enabled":true,"_links":{"self":[{"href":"https:\/\/cipele.ba\/en\/wp-json\/wp\/v2\/product\/19604","targetHints":{"allow":["GET"]}}],"collection":[{"href":"https:\/\/cipele.ba\/en\/wp-json\/wp\/v2\/product"}],"about":[{"href":"https:\/\/cipele.ba\/en\/wp-json\/wp\/v2\/types\/product"}],"wp:featuredmedia":[{"embeddable":true,"href":"https:\/\/cipele.ba\/en\/wp-json\/wp\/v2\/media\/19601"}],"wp:attachment":[{"href":"https:\/\/cipele.ba\/en\/wp-json\/wp\/v2\/media?parent=19604"}],"wp:term":[{"taxonomy":"product_brand","embeddable":true,"href":"https:\/\/cipele.ba\/en\/wp-json\/wp\/v2\/product_brand?post=19604"},{"taxonomy":"product_cat","embeddable":true,"href":"https:\/\/cipele.ba\/en\/wp-json\/wp\/v2\/product_cat?post=19604"},{"taxonomy":"product_tag","embeddable":true,"href":"https:\/\/cipele.ba\/en\/wp-json\/wp\/v2\/product_tag?post=19604"}],"curies":[{"name":"wp","href":"https:\/\/api.w.org\/{rel}","templated":true}]}}