{"id":19605,"date":"2025-08-23T14:55:26","date_gmt":"2025-08-23T14:55:26","guid":{"rendered":"https:\/\/cipele.ba\/shop\/uncategorized\/nike-kawa-2\/"},"modified":"2026-04-19T01:17:04","modified_gmt":"2026-04-19T01:17:04","slug":"nike-kawa-2","status":"publish","type":"product","link":"https:\/\/cipele.ba\/en\/shop\/djeca\/djecije-papuce-i-sandale\/nike-kawa-2\/","title":{"rendered":"Nike Kawa"},"content":{"rendered":"<p>NIKE KAWA su dje\u010dije papu\u010de za mla\u0111e i starije djevoj\u010dice sa kojima \u0107e spremno do\u010dekati ljeto. Omoguc\u0301ite svojim stopalima udobnost bez premca odabirom prakti\u010dnih papu\u010da sa \u017eljebovima na \u0111onu. Savr\u0161en model za ljeto, posebno za ljubitelje aktivnosti na otvorenom! Gornji\u0161te je izra\u0111eno od visokokvalitetne sinteti\u010dke ko\u017ee koja imitira prirodnu ko\u017eu. Meka pjena ispod stopala ubla\u017eava svaki korak. Savr\u0161en su izbor za ljeto u gradu ili na otvorenom. Pastelne boje su izrazito djevoja\u010dke, suptilne i razbijaju \u0161arene kombinacije. Specifikacija: Dje\u010dije papu\u010de za mla\u0111e i starije djevoj\u010dice Sinteti\u010dko gornji\u0161te Pjenasto gazi\u0161te \u017dljebovi na \u0111onu<\/p>","protected":false},"excerpt":{"rendered":"<p>NIKE KAWA su dje\u010dije papu\u010de za mla\u0111e i starije djevoj\u010dice sa kojima \u0107e spremno do\u010dekati ljeto. Omoguc\u0301ite svojim stopalima udobnost bez premca odabirom prakti\u010dnih papu\u010da sa \u017eljebovima na \u0111onu. Savr\u0161en model za ljeto, posebno za ljubitelje aktivnosti na otvorenom! Gornji\u0161te je izra\u0111eno od visokokvalitetne sinteti\u010dke ko\u017ee koja imitira prirodnu ko\u017eu. Meka pjena ispod stopala ubla\u017eava [&hellip;]<\/p>","protected":false},"featured_media":19602,"template":"","meta":{"jetpack_post_was_ever_published":false},"product_brand":[94],"product_cat":[61],"product_tag":[],"class_list":{"0":"post-19605","1":"product","2":"type-product","3":"status-publish","4":"has-post-thumbnail","6":"product_brand-sport_vision","7":"product_cat-djecije-papuce-i-sandale","9":"first","10":"instock","11":"sale","12":"shipping-taxable","13":"product-type-external"},"jetpack-related-posts":[],"jetpack_sharing_enabled":true,"_links":{"self":[{"href":"https:\/\/cipele.ba\/en\/wp-json\/wp\/v2\/product\/19605","targetHints":{"allow":["GET"]}}],"collection":[{"href":"https:\/\/cipele.ba\/en\/wp-json\/wp\/v2\/product"}],"about":[{"href":"https:\/\/cipele.ba\/en\/wp-json\/wp\/v2\/types\/product"}],"wp:featuredmedia":[{"embeddable":true,"href":"https:\/\/cipele.ba\/en\/wp-json\/wp\/v2\/media\/19602"}],"wp:attachment":[{"href":"https:\/\/cipele.ba\/en\/wp-json\/wp\/v2\/media?parent=19605"}],"wp:term":[{"taxonomy":"product_brand","embeddable":true,"href":"https:\/\/cipele.ba\/en\/wp-json\/wp\/v2\/product_brand?post=19605"},{"taxonomy":"product_cat","embeddable":true,"href":"https:\/\/cipele.ba\/en\/wp-json\/wp\/v2\/product_cat?post=19605"},{"taxonomy":"product_tag","embeddable":true,"href":"https:\/\/cipele.ba\/en\/wp-json\/wp\/v2\/product_tag?post=19605"}],"curies":[{"name":"wp","href":"https:\/\/api.w.org\/{rel}","templated":true}]}}