{"id":19606,"date":"2025-08-23T14:55:27","date_gmt":"2025-08-23T14:55:27","guid":{"rendered":"https:\/\/cipele.ba\/shop\/uncategorized\/adidas-adilette-shower\/"},"modified":"2026-04-18T16:21:43","modified_gmt":"2026-04-18T16:21:43","slug":"adidas-adilette-shower","status":"publish","type":"product","link":"https:\/\/cipele.ba\/en\/shop\/djeca\/djecije-papuce-i-sandale\/adidas-adilette-shower\/","title":{"rendered":"adidas ADILETTE SHOWER"},"content":{"rendered":"<p>adidas ADILETTE SHOWER su amortizuju\u0107e dje\u010dije papu\u010de za udobnost nakon treninga plivanja. Nagradite njihova stopala nakon \u0161to isko\u010de iz bazena sa ovim udobnim dje\u010dijim papu\u010dama. Brzo-su\u0161e\u0107e i ultra-mekane, one im pru\u017eaju laganu amortizaciju i potpunu udobnost. Veliko i mo\u0107no adidas brendiranje daje im klasi\u010dan, prepoznatljiv izgled. Specifikacija: Dje\u010dije lifestyle papu\u010de EVA \u0111on Cloudfoam meko i udobno le\u017ei\u0161te za stopalo Sinteti\u010dko gornji\u0161te Materijal koji se brzo su\u0161i<\/p>","protected":false},"excerpt":{"rendered":"<p>adidas ADILETTE SHOWER su amortizuju\u0107e dje\u010dije papu\u010de za udobnost nakon treninga plivanja. Nagradite njihova stopala nakon \u0161to isko\u010de iz bazena sa ovim udobnim dje\u010dijim papu\u010dama. Brzo-su\u0161e\u0107e i ultra-mekane, one im pru\u017eaju laganu amortizaciju i potpunu udobnost. Veliko i mo\u0107no adidas brendiranje daje im klasi\u010dan, prepoznatljiv izgled. Specifikacija: Dje\u010dije lifestyle papu\u010de EVA \u0111on Cloudfoam meko i [&hellip;]<\/p>","protected":false},"featured_media":19603,"template":"","meta":{"jetpack_post_was_ever_published":false},"product_brand":[94],"product_cat":[61],"product_tag":[],"class_list":{"0":"post-19606","1":"product","2":"type-product","3":"status-publish","4":"has-post-thumbnail","6":"product_brand-sport_vision","7":"product_cat-djecije-papuce-i-sandale","9":"first","10":"instock","11":"sale","12":"shipping-taxable","13":"product-type-external"},"jetpack-related-posts":[],"jetpack_sharing_enabled":true,"_links":{"self":[{"href":"https:\/\/cipele.ba\/en\/wp-json\/wp\/v2\/product\/19606","targetHints":{"allow":["GET"]}}],"collection":[{"href":"https:\/\/cipele.ba\/en\/wp-json\/wp\/v2\/product"}],"about":[{"href":"https:\/\/cipele.ba\/en\/wp-json\/wp\/v2\/types\/product"}],"wp:featuredmedia":[{"embeddable":true,"href":"https:\/\/cipele.ba\/en\/wp-json\/wp\/v2\/media\/19603"}],"wp:attachment":[{"href":"https:\/\/cipele.ba\/en\/wp-json\/wp\/v2\/media?parent=19606"}],"wp:term":[{"taxonomy":"product_brand","embeddable":true,"href":"https:\/\/cipele.ba\/en\/wp-json\/wp\/v2\/product_brand?post=19606"},{"taxonomy":"product_cat","embeddable":true,"href":"https:\/\/cipele.ba\/en\/wp-json\/wp\/v2\/product_cat?post=19606"},{"taxonomy":"product_tag","embeddable":true,"href":"https:\/\/cipele.ba\/en\/wp-json\/wp\/v2\/product_tag?post=19606"}],"curies":[{"name":"wp","href":"https:\/\/api.w.org\/{rel}","templated":true}]}}