{"id":19611,"date":"2025-08-23T14:55:30","date_gmt":"2025-08-23T14:55:30","guid":{"rendered":"https:\/\/cipele.ba\/shop\/uncategorized\/rider-speed\/"},"modified":"2026-04-19T01:27:25","modified_gmt":"2026-04-19T01:27:25","slug":"rider-speed","status":"publish","type":"product","link":"https:\/\/cipele.ba\/en\/shop\/djeca\/djecije-papuce-i-sandale\/rider-speed\/","title":{"rendered":"Rider SPEED"},"content":{"rendered":"<p>RIDER SPEED su dje\u010dije papu\u010de za tinejd\u017eere sa kojima \u0107ete spremno do\u010dekati ljeto i letnje aktivnosti. Dodajte va\u0161em stilu zanimljiv i moderan RIDER dizajn nose\u0107i ove udobne papu\u010de. Osigurajte svojim stopalima nenadma\u0161nu udobnost odabirom ovih modernih papu\u010da, koje se mogu nositi svakodnevno u toplim ljetnjim danima. Pru\u017eaju dobru amortizaciju, zahvaljujuc\u0301i kojoj c\u0301e hodanje u njima biti udobno, a osjec\u0301aj umornih nogu c\u0301e biti minimiziran. U proizvodnji ovih papu\u010da kori\u0161\u0107eni su materijali koji spre\u010davaju klizanje, pa su tako idealne za bazen i mokre plo\u010dice oko njega. RIDER logo na gornjem dijelu jasno govori o va\u0161em povjerenju u ovaj brend. U\u010dinite va\u0161e ljetnje tinejd\u017e avanture jo\u0161 zanimljivijim sa ovim RIDER papu\u010dama. Specifikacija: Dje\u010dije papu\u010de za tinejd\u017eere RIDER logo Materijal koji spre\u010dava klizanje<\/p>","protected":false},"excerpt":{"rendered":"<p>RIDER SPEED su dje\u010dije papu\u010de za tinejd\u017eere sa kojima \u0107ete spremno do\u010dekati ljeto i letnje aktivnosti. Dodajte va\u0161em stilu zanimljiv i moderan RIDER dizajn nose\u0107i ove udobne papu\u010de. Osigurajte svojim stopalima nenadma\u0161nu udobnost odabirom ovih modernih papu\u010da, koje se mogu nositi svakodnevno u toplim ljetnjim danima. Pru\u017eaju dobru amortizaciju, zahvaljujuc\u0301i kojoj c\u0301e hodanje u njima [&hellip;]<\/p>","protected":false},"featured_media":19608,"template":"","meta":{"jetpack_post_was_ever_published":false},"product_brand":[94],"product_cat":[61],"product_tag":[],"class_list":{"0":"post-19611","1":"product","2":"type-product","3":"status-publish","4":"has-post-thumbnail","6":"product_brand-sport_vision","7":"product_cat-djecije-papuce-i-sandale","9":"first","10":"instock","11":"sale","12":"shipping-taxable","13":"product-type-external"},"jetpack-related-posts":[],"jetpack_sharing_enabled":true,"_links":{"self":[{"href":"https:\/\/cipele.ba\/en\/wp-json\/wp\/v2\/product\/19611","targetHints":{"allow":["GET"]}}],"collection":[{"href":"https:\/\/cipele.ba\/en\/wp-json\/wp\/v2\/product"}],"about":[{"href":"https:\/\/cipele.ba\/en\/wp-json\/wp\/v2\/types\/product"}],"wp:featuredmedia":[{"embeddable":true,"href":"https:\/\/cipele.ba\/en\/wp-json\/wp\/v2\/media\/19608"}],"wp:attachment":[{"href":"https:\/\/cipele.ba\/en\/wp-json\/wp\/v2\/media?parent=19611"}],"wp:term":[{"taxonomy":"product_brand","embeddable":true,"href":"https:\/\/cipele.ba\/en\/wp-json\/wp\/v2\/product_brand?post=19611"},{"taxonomy":"product_cat","embeddable":true,"href":"https:\/\/cipele.ba\/en\/wp-json\/wp\/v2\/product_cat?post=19611"},{"taxonomy":"product_tag","embeddable":true,"href":"https:\/\/cipele.ba\/en\/wp-json\/wp\/v2\/product_tag?post=19611"}],"curies":[{"name":"wp","href":"https:\/\/api.w.org\/{rel}","templated":true}]}}