{"id":19612,"date":"2025-08-23T14:55:31","date_gmt":"2025-08-23T14:55:31","guid":{"rendered":"https:\/\/cipele.ba\/shop\/uncategorized\/rider-speed-2\/"},"modified":"2026-04-18T14:56:18","modified_gmt":"2026-04-18T14:56:18","slug":"rider-speed-2","status":"publish","type":"product","link":"https:\/\/cipele.ba\/en\/shop\/djeca\/djecije-papuce-i-sandale\/rider-speed-2\/","title":{"rendered":"Rider Speed"},"content":{"rendered":"<p>RIDER SPEED su papu\u010de namijenjene tinejd\u017eerima sa kojima \u0107e spremno do\u010dekati ljeto i aktivnosti na pla\u017ei ili bazenu. Prvobitno su dizajnirane za plivanje, ali se mogu nositi svakodnevno tokom toplih, ljetnjih dana. Osigurajte dje\u010dijim stopalima nenadma\u0161nu udobnost odabirom RIDER SPEED papu\u010da. Pru\u017eaju dobru amortizaciju, ne klizaju se i noga se ne pomjera pri hodanju. RIDER logo jasno govori kom brendu poklanjate povjerenje. Gumeni \u0111on odli\u010dno prianja na sve podloge. Uljep\u0161ajte ljetnje dane sa RIDER SPEED papu\u010dama. Specifikacija: Papu\u010de za starije dje\u010dake RIDER logo Gumeni \u0111on<\/p>","protected":false},"excerpt":{"rendered":"<p>RIDER SPEED su papu\u010de namijenjene tinejd\u017eerima sa kojima \u0107e spremno do\u010dekati ljeto i aktivnosti na pla\u017ei ili bazenu. Prvobitno su dizajnirane za plivanje, ali se mogu nositi svakodnevno tokom toplih, ljetnjih dana. Osigurajte dje\u010dijim stopalima nenadma\u0161nu udobnost odabirom RIDER SPEED papu\u010da. Pru\u017eaju dobru amortizaciju, ne klizaju se i noga se ne pomjera pri hodanju. RIDER [&hellip;]<\/p>","protected":false},"featured_media":19610,"template":"","meta":{"jetpack_post_was_ever_published":false},"product_brand":[94],"product_cat":[61],"product_tag":[],"class_list":{"0":"post-19612","1":"product","2":"type-product","3":"status-publish","4":"has-post-thumbnail","6":"product_brand-sport_vision","7":"product_cat-djecije-papuce-i-sandale","9":"first","10":"instock","11":"sale","12":"shipping-taxable","13":"product-type-external"},"jetpack-related-posts":[],"jetpack_sharing_enabled":true,"_links":{"self":[{"href":"https:\/\/cipele.ba\/en\/wp-json\/wp\/v2\/product\/19612","targetHints":{"allow":["GET"]}}],"collection":[{"href":"https:\/\/cipele.ba\/en\/wp-json\/wp\/v2\/product"}],"about":[{"href":"https:\/\/cipele.ba\/en\/wp-json\/wp\/v2\/types\/product"}],"wp:featuredmedia":[{"embeddable":true,"href":"https:\/\/cipele.ba\/en\/wp-json\/wp\/v2\/media\/19610"}],"wp:attachment":[{"href":"https:\/\/cipele.ba\/en\/wp-json\/wp\/v2\/media?parent=19612"}],"wp:term":[{"taxonomy":"product_brand","embeddable":true,"href":"https:\/\/cipele.ba\/en\/wp-json\/wp\/v2\/product_brand?post=19612"},{"taxonomy":"product_cat","embeddable":true,"href":"https:\/\/cipele.ba\/en\/wp-json\/wp\/v2\/product_cat?post=19612"},{"taxonomy":"product_tag","embeddable":true,"href":"https:\/\/cipele.ba\/en\/wp-json\/wp\/v2\/product_tag?post=19612"}],"curies":[{"name":"wp","href":"https:\/\/api.w.org\/{rel}","templated":true}]}}