{"id":19618,"date":"2025-08-23T14:55:35","date_gmt":"2025-08-23T14:55:35","guid":{"rendered":"https:\/\/cipele.ba\/shop\/uncategorized\/champion-mill-gs\/"},"modified":"2026-04-19T06:37:32","modified_gmt":"2026-04-19T06:37:32","slug":"champion-mill-gs","status":"publish","type":"product","link":"https:\/\/cipele.ba\/en\/shop\/djeca\/djecije-papuce-i-sandale\/champion-mill-gs\/","title":{"rendered":"Champion MILL GS"},"content":{"rendered":"<p>Champion MILL GS su papu\u010de za dje\u010dake namijenjene razli\u010ditim aktivnostima. Va\u0161i mali\u0161ani ih mogu nositi na bazenu, pod tu\u0161em nakon treninga ili tokom ljetnjih dana na pla\u017ei. Gornji dio je izra\u0111en od sinteti\u010dkih materijala, pa se brzo su\u0161i i otporan je na vodu i sunce. Gumeni \u0111on ih \u010dini prijatnim i komfornim za no\u0161enje tokom cijelog dana. Upe\u010datljiva kombinacija boja i Champion logo doprinosi jedinstvenom sportskom izgledu ovih papu\u010da. Neka svaki dan va\u0161ih dje\u010daka bude lep sa Champion MILL GS papu\u010dama. Specifikacija: Papu\u010de za dje\u010dake Champion logo Gumeni \u0111on<\/p>","protected":false},"excerpt":{"rendered":"<p>Champion MILL GS su papu\u010de za dje\u010dake namijenjene razli\u010ditim aktivnostima. Va\u0161i mali\u0161ani ih mogu nositi na bazenu, pod tu\u0161em nakon treninga ili tokom ljetnjih dana na pla\u017ei. Gornji dio je izra\u0111en od sinteti\u010dkih materijala, pa se brzo su\u0161i i otporan je na vodu i sunce. Gumeni \u0111on ih \u010dini prijatnim i komfornim za no\u0161enje tokom [&hellip;]<\/p>","protected":false},"featured_media":19616,"template":"","meta":{"jetpack_post_was_ever_published":false},"product_brand":[94],"product_cat":[61],"product_tag":[],"class_list":{"0":"post-19618","1":"product","2":"type-product","3":"status-publish","4":"has-post-thumbnail","6":"product_brand-sport_vision","7":"product_cat-djecije-papuce-i-sandale","9":"first","10":"instock","11":"sale","12":"shipping-taxable","13":"product-type-external"},"jetpack-related-posts":[],"jetpack_sharing_enabled":true,"_links":{"self":[{"href":"https:\/\/cipele.ba\/en\/wp-json\/wp\/v2\/product\/19618","targetHints":{"allow":["GET"]}}],"collection":[{"href":"https:\/\/cipele.ba\/en\/wp-json\/wp\/v2\/product"}],"about":[{"href":"https:\/\/cipele.ba\/en\/wp-json\/wp\/v2\/types\/product"}],"wp:featuredmedia":[{"embeddable":true,"href":"https:\/\/cipele.ba\/en\/wp-json\/wp\/v2\/media\/19616"}],"wp:attachment":[{"href":"https:\/\/cipele.ba\/en\/wp-json\/wp\/v2\/media?parent=19618"}],"wp:term":[{"taxonomy":"product_brand","embeddable":true,"href":"https:\/\/cipele.ba\/en\/wp-json\/wp\/v2\/product_brand?post=19618"},{"taxonomy":"product_cat","embeddable":true,"href":"https:\/\/cipele.ba\/en\/wp-json\/wp\/v2\/product_cat?post=19618"},{"taxonomy":"product_tag","embeddable":true,"href":"https:\/\/cipele.ba\/en\/wp-json\/wp\/v2\/product_tag?post=19618"}],"curies":[{"name":"wp","href":"https:\/\/api.w.org\/{rel}","templated":true}]}}