{"id":19689,"date":"2025-08-23T15:00:00","date_gmt":"2025-08-23T15:00:00","guid":{"rendered":"https:\/\/cipele.ba\/shop\/uncategorized\/kander-fogo\/"},"modified":"2026-04-18T09:35:31","modified_gmt":"2026-04-18T09:35:31","slug":"kander-fogo","status":"publish","type":"product","link":"https:\/\/cipele.ba\/en\/shop\/djeca\/djecije-cizme\/kander-fogo\/","title":{"rendered":"Kander Fogo"},"content":{"rendered":"<p>Kander Fogo dje\u010dije outdoor patike za dje\u010dake idealne su za hajking i avanture na otvorenom. Detalji Moderni vodootporni dizajn Debeli, izdr\u017eljivi gumeni \u0111on pru\u017ea vrhunsko prianjanje na svim povr\u0161inama Dizajn sa pertlanjem za \u010dvrsto prianjanje Struktura od filona i gume za izdr\u017eljivost i udobnost<\/p>","protected":false},"excerpt":{"rendered":"<p>Kander Fogo dje\u010dije outdoor patike za dje\u010dake idealne su za hajking i avanture na otvorenom. Detalji Moderni vodootporni dizajn Debeli, izdr\u017eljivi gumeni \u0111on pru\u017ea vrhunsko prianjanje na svim povr\u0161inama Dizajn sa pertlanjem za \u010dvrsto prianjanje Struktura od filona i gume za izdr\u017eljivost i udobnost<\/p>","protected":false},"featured_media":19686,"template":"","meta":{"jetpack_post_was_ever_published":false},"product_brand":[94],"product_cat":[60],"product_tag":[],"class_list":{"0":"post-19689","1":"product","2":"type-product","3":"status-publish","4":"has-post-thumbnail","6":"product_brand-sport_vision","7":"product_cat-djecije-cizme","9":"first","10":"instock","11":"sale","12":"shipping-taxable","13":"product-type-external"},"jetpack-related-posts":[],"jetpack_sharing_enabled":true,"_links":{"self":[{"href":"https:\/\/cipele.ba\/en\/wp-json\/wp\/v2\/product\/19689","targetHints":{"allow":["GET"]}}],"collection":[{"href":"https:\/\/cipele.ba\/en\/wp-json\/wp\/v2\/product"}],"about":[{"href":"https:\/\/cipele.ba\/en\/wp-json\/wp\/v2\/types\/product"}],"wp:featuredmedia":[{"embeddable":true,"href":"https:\/\/cipele.ba\/en\/wp-json\/wp\/v2\/media\/19686"}],"wp:attachment":[{"href":"https:\/\/cipele.ba\/en\/wp-json\/wp\/v2\/media?parent=19689"}],"wp:term":[{"taxonomy":"product_brand","embeddable":true,"href":"https:\/\/cipele.ba\/en\/wp-json\/wp\/v2\/product_brand?post=19689"},{"taxonomy":"product_cat","embeddable":true,"href":"https:\/\/cipele.ba\/en\/wp-json\/wp\/v2\/product_cat?post=19689"},{"taxonomy":"product_tag","embeddable":true,"href":"https:\/\/cipele.ba\/en\/wp-json\/wp\/v2\/product_tag?post=19689"}],"curies":[{"name":"wp","href":"https:\/\/api.w.org\/{rel}","templated":true}]}}