{"id":19695,"date":"2025-08-23T15:00:05","date_gmt":"2025-08-23T15:00:05","guid":{"rendered":"https:\/\/cipele.ba\/shop\/uncategorized\/nike-woodside-2-high-acg\/"},"modified":"2026-04-18T21:44:53","modified_gmt":"2026-04-18T21:44:53","slug":"nike-woodside-2-high-acg","status":"publish","type":"product","link":"https:\/\/cipele.ba\/en\/shop\/djeca\/djecije-cizme\/nike-woodside-2-high-acg\/","title":{"rendered":"Nike Woodside 2 High ACG"},"content":{"rendered":"<p>Nike Woodside 2 High ACG su \u010dizme za tinejd\u017eere koje \u0107e biti vjerni pratilac mladim avanturistima. Zamislite ovo: Zavezali ste svoje ACG \u010dizme i spremni ste da se uhvatite u ko\u0161tac sa avanturama po hladnom vremenu. Ne brinite, topla postava poma\u017eu vam da osvojite \u0161umu nakon svje\u017ee ki\u0161e. Preklop obavija gornji dio kako bi vam prsti na nogama bili suvi. Ove \u010dizme su dizajnirane da budu izdr\u017eljive dok pje\u0161a\u010dite i kora\u010date gotovo po svim stazama. Da li ste spremni za sledec\u0301u avanturu? Mje\u0161avina prave i sinteti\u010dke ko\u017ee u gornjem dijelu pru\u017ea izdr\u017eljivost i podr\u0161ku. Gumeni preklop obavija gornji dio kako bi omogu\u0107io avanture po svakom vremenu. Gumeni \u0111on sa Waffle \u0161arom nudi prijanjanje na neravnim i klizavim povr\u0161inama. Jezi\u010dak za povla\u010denje na peti poma\u017ee da se \u010dizme obuvaju i izuvaju. Specifikacija: \u010dizme za tinejd\u017eere Gumeni \u0111on sa Waffle \u0161arom Pertlanje Nije namijenjeno za upotrebu kao li\u010dna za\u0161titna oprema (PPE)<\/p>","protected":false},"excerpt":{"rendered":"<p>Nike Woodside 2 High ACG su \u010dizme za tinejd\u017eere koje \u0107e biti vjerni pratilac mladim avanturistima. Zamislite ovo: Zavezali ste svoje ACG \u010dizme i spremni ste da se uhvatite u ko\u0161tac sa avanturama po hladnom vremenu. Ne brinite, topla postava poma\u017eu vam da osvojite \u0161umu nakon svje\u017ee ki\u0161e. Preklop obavija gornji dio kako bi vam [&hellip;]<\/p>","protected":false},"featured_media":19692,"template":"","meta":{"jetpack_post_was_ever_published":false},"product_brand":[94],"product_cat":[60],"product_tag":[],"class_list":{"0":"post-19695","1":"product","2":"type-product","3":"status-publish","4":"has-post-thumbnail","6":"product_brand-sport_vision","7":"product_cat-djecije-cizme","9":"first","10":"instock","11":"sale","12":"shipping-taxable","13":"product-type-external"},"jetpack-related-posts":[],"jetpack_sharing_enabled":true,"_links":{"self":[{"href":"https:\/\/cipele.ba\/en\/wp-json\/wp\/v2\/product\/19695","targetHints":{"allow":["GET"]}}],"collection":[{"href":"https:\/\/cipele.ba\/en\/wp-json\/wp\/v2\/product"}],"about":[{"href":"https:\/\/cipele.ba\/en\/wp-json\/wp\/v2\/types\/product"}],"wp:featuredmedia":[{"embeddable":true,"href":"https:\/\/cipele.ba\/en\/wp-json\/wp\/v2\/media\/19692"}],"wp:attachment":[{"href":"https:\/\/cipele.ba\/en\/wp-json\/wp\/v2\/media?parent=19695"}],"wp:term":[{"taxonomy":"product_brand","embeddable":true,"href":"https:\/\/cipele.ba\/en\/wp-json\/wp\/v2\/product_brand?post=19695"},{"taxonomy":"product_cat","embeddable":true,"href":"https:\/\/cipele.ba\/en\/wp-json\/wp\/v2\/product_cat?post=19695"},{"taxonomy":"product_tag","embeddable":true,"href":"https:\/\/cipele.ba\/en\/wp-json\/wp\/v2\/product_tag?post=19695"}],"curies":[{"name":"wp","href":"https:\/\/api.w.org\/{rel}","templated":true}]}}