{"id":19697,"date":"2025-08-23T15:00:05","date_gmt":"2025-08-23T15:00:05","guid":{"rendered":"https:\/\/cipele.ba\/shop\/uncategorized\/merrell-moab-speed-mid-a-c-wtrpf\/"},"modified":"2026-04-18T16:46:59","modified_gmt":"2026-04-18T16:46:59","slug":"merrell-moab-speed-mid-a-c-wtrpf","status":"publish","type":"product","link":"https:\/\/cipele.ba\/en\/shop\/djeca\/djecije-cizme\/merrell-moab-speed-mid-a-c-wtrpf\/","title":{"rendered":"Merrell Moab Speed Mid A\/C WTRPF"},"content":{"rendered":"<p>MERRELL MOAB SPEED MID A\/C WTRPF su vrhunske dje\u010dije poluduboke patike za planinarenje, trail i razne outdoor avanture. Njihovo gornj\u0161te izra\u0111eno je od sinteti\u010dke ko\u017ee i tekstila i presvu\u010deno je Gore-Tex tehnologijom, koja \u0161titi od nepovoljnih vremenskih uslova. Dekonstruisani gumeni \u0111on je otporan na ne\u017eeljene udarce i perfektno prianja uz razli\u010dite podloge. Gumena kapica na gornji\u0161tu predstavlja dodatno oja\u010danje. Izdr\u017eljivost i udobnost su sinonimi za Merrell brend. Jedinstven stil uz izuzetne performanse \u0107e se svidjeti i vama i va\u0161oj djeci. SPECIFIKACIJA PROIZVODA: dje\u010dije patike \u2013 outdoor Gornji dio \u2013 sinteti\u010dka ko\u017ea, tekstil i Gore- Tex tehnologija<\/p>","protected":false},"excerpt":{"rendered":"<p>MERRELL MOAB SPEED MID A\/C WTRPF su vrhunske dje\u010dije poluduboke patike za planinarenje, trail i razne outdoor avanture. Njihovo gornj\u0161te izra\u0111eno je od sinteti\u010dke ko\u017ee i tekstila i presvu\u010deno je Gore-Tex tehnologijom, koja \u0161titi od nepovoljnih vremenskih uslova. Dekonstruisani gumeni \u0111on je otporan na ne\u017eeljene udarce i perfektno prianja uz razli\u010dite podloge. Gumena kapica na [&hellip;]<\/p>","protected":false},"featured_media":19694,"template":"","meta":{"jetpack_post_was_ever_published":false},"product_brand":[94],"product_cat":[60],"product_tag":[],"class_list":{"0":"post-19697","1":"product","2":"type-product","3":"status-publish","4":"has-post-thumbnail","6":"product_brand-sport_vision","7":"product_cat-djecije-cizme","9":"first","10":"instock","11":"sale","12":"shipping-taxable","13":"product-type-external"},"jetpack-related-posts":[],"jetpack_sharing_enabled":true,"_links":{"self":[{"href":"https:\/\/cipele.ba\/en\/wp-json\/wp\/v2\/product\/19697","targetHints":{"allow":["GET"]}}],"collection":[{"href":"https:\/\/cipele.ba\/en\/wp-json\/wp\/v2\/product"}],"about":[{"href":"https:\/\/cipele.ba\/en\/wp-json\/wp\/v2\/types\/product"}],"wp:featuredmedia":[{"embeddable":true,"href":"https:\/\/cipele.ba\/en\/wp-json\/wp\/v2\/media\/19694"}],"wp:attachment":[{"href":"https:\/\/cipele.ba\/en\/wp-json\/wp\/v2\/media?parent=19697"}],"wp:term":[{"taxonomy":"product_brand","embeddable":true,"href":"https:\/\/cipele.ba\/en\/wp-json\/wp\/v2\/product_brand?post=19697"},{"taxonomy":"product_cat","embeddable":true,"href":"https:\/\/cipele.ba\/en\/wp-json\/wp\/v2\/product_cat?post=19697"},{"taxonomy":"product_tag","embeddable":true,"href":"https:\/\/cipele.ba\/en\/wp-json\/wp\/v2\/product_tag?post=19697"}],"curies":[{"name":"wp","href":"https:\/\/api.w.org\/{rel}","templated":true}]}}