{"id":19709,"date":"2025-08-23T15:00:14","date_gmt":"2025-08-23T15:00:14","guid":{"rendered":"https:\/\/cipele.ba\/shop\/uncategorized\/nike-manoa\/"},"modified":"2026-04-18T23:28:34","modified_gmt":"2026-04-18T23:28:34","slug":"nike-manoa","status":"publish","type":"product","link":"https:\/\/cipele.ba\/en\/shop\/djeca\/djecije-cizme\/nike-manoa\/","title":{"rendered":"Nike Manoa"},"content":{"rendered":"<p>Nike Manoa su dje\u010dije lifestyle patike za stariju djecu, koje su napravljene da traju i nekoliko sezona. Ove patike imaju sve \u0161to vam je potrebno za va\u0161u slede\u0107u avanturu i lako se uklapaju sa ostatakom va\u0161e garderobe. Gornji\u0161te od ko\u017ee savr\u0161eno meko obavija va\u0161a stopala, a u isto vrijeme im daje porebnu \u010dvrstinu. Jo\u0161 mek\u0161i i fleksibilniji jastu\u010di\u0107 od pjene pru\u017ea odli\u010dnu amortizaciju, a tu je i jezi\u010dak za petu za lak\u0161e obuvanje i izuvanje. Gumeni \u0111on, pored odli\u010dnog prianjanja, osigurava i dugotrajnost ovih Nike patika. Izaberite Nike Manoa patike i u\u017eivajte u cjelodnevnom komforu i njihovom atraktivnom dizajnu. Specifikacija: Dje\u010dije patike za tinejd\u017eere Gornji\u0161te od ko\u017ee Jastu\u010di\u0107i od pjene Jezi\u010dak za petu Gumeni \u0111on<\/p>","protected":false},"excerpt":{"rendered":"<p>Nike Manoa su dje\u010dije lifestyle patike za stariju djecu, koje su napravljene da traju i nekoliko sezona. Ove patike imaju sve \u0161to vam je potrebno za va\u0161u slede\u0107u avanturu i lako se uklapaju sa ostatakom va\u0161e garderobe. Gornji\u0161te od ko\u017ee savr\u0161eno meko obavija va\u0161a stopala, a u isto vrijeme im daje porebnu \u010dvrstinu. Jo\u0161 mek\u0161i [&hellip;]<\/p>","protected":false},"featured_media":19707,"template":"","meta":{"jetpack_post_was_ever_published":false},"product_brand":[94],"product_cat":[60],"product_tag":[],"class_list":{"0":"post-19709","1":"product","2":"type-product","3":"status-publish","4":"has-post-thumbnail","6":"product_brand-sport_vision","7":"product_cat-djecije-cizme","9":"first","10":"instock","11":"sale","12":"shipping-taxable","13":"product-type-external"},"jetpack-related-posts":[],"jetpack_sharing_enabled":true,"_links":{"self":[{"href":"https:\/\/cipele.ba\/en\/wp-json\/wp\/v2\/product\/19709","targetHints":{"allow":["GET"]}}],"collection":[{"href":"https:\/\/cipele.ba\/en\/wp-json\/wp\/v2\/product"}],"about":[{"href":"https:\/\/cipele.ba\/en\/wp-json\/wp\/v2\/types\/product"}],"wp:featuredmedia":[{"embeddable":true,"href":"https:\/\/cipele.ba\/en\/wp-json\/wp\/v2\/media\/19707"}],"wp:attachment":[{"href":"https:\/\/cipele.ba\/en\/wp-json\/wp\/v2\/media?parent=19709"}],"wp:term":[{"taxonomy":"product_brand","embeddable":true,"href":"https:\/\/cipele.ba\/en\/wp-json\/wp\/v2\/product_brand?post=19709"},{"taxonomy":"product_cat","embeddable":true,"href":"https:\/\/cipele.ba\/en\/wp-json\/wp\/v2\/product_cat?post=19709"},{"taxonomy":"product_tag","embeddable":true,"href":"https:\/\/cipele.ba\/en\/wp-json\/wp\/v2\/product_tag?post=19709"}],"curies":[{"name":"wp","href":"https:\/\/api.w.org\/{rel}","templated":true}]}}