{"id":19715,"date":"2025-08-23T15:00:19","date_gmt":"2025-08-23T15:00:19","guid":{"rendered":"https:\/\/cipele.ba\/shop\/uncategorized\/nike-manoa-2\/"},"modified":"2026-04-18T09:34:08","modified_gmt":"2026-04-18T09:34:08","slug":"nike-manoa-2","status":"publish","type":"product","link":"https:\/\/cipele.ba\/en\/shop\/djeca\/djecije-cizme\/nike-manoa-2\/","title":{"rendered":"Nike Manoa"},"content":{"rendered":"<p>Nike Manoa LTR su duboke patike za djecu dizajnirane da podr\u017ee njihovo aktivno kretanje. Sa kvalitetnom ko\u017eom, udobnom pjenom i dizajnom koji je napravljen da traje, nova avantura mo\u017ee da po\u010dne odmah. Kombinacija prirodne i sinteti\u010dke ko\u017ee u gornji\u0161tu je izdr\u017eljiva i jednostavna za odr\u017eavanje. Srednji \u0111on od lagane pjene pru\u017ea stopalima jastu\u010dastu podr\u0161ku, kako bi ostala udobna tokom dana. Gumeni \u0111on sa robusnom trakcionom \u0161arom savr\u0161eno prijanja na podlogu i obezbje\u0111uje stabilnost prilikom kretanja. Specifikacija: Duboke patike za djecu Gornji\u0161te od prave i sinteti\u010dke ko\u017ee Pertlanje Duboki profil Jastu\u010dasta pjena za udobnost Gumeni trakcioni \u0111on<\/p>","protected":false},"excerpt":{"rendered":"<p>Nike Manoa LTR su duboke patike za djecu dizajnirane da podr\u017ee njihovo aktivno kretanje. Sa kvalitetnom ko\u017eom, udobnom pjenom i dizajnom koji je napravljen da traje, nova avantura mo\u017ee da po\u010dne odmah. Kombinacija prirodne i sinteti\u010dke ko\u017ee u gornji\u0161tu je izdr\u017eljiva i jednostavna za odr\u017eavanje. Srednji \u0111on od lagane pjene pru\u017ea stopalima jastu\u010dastu podr\u0161ku, kako [&hellip;]<\/p>","protected":false},"featured_media":19714,"template":"","meta":{"jetpack_post_was_ever_published":false},"product_brand":[94],"product_cat":[60],"product_tag":[],"class_list":{"0":"post-19715","1":"product","2":"type-product","3":"status-publish","4":"has-post-thumbnail","6":"product_brand-sport_vision","7":"product_cat-djecije-cizme","9":"first","10":"instock","11":"sale","12":"shipping-taxable","13":"product-type-external"},"jetpack-related-posts":[],"jetpack_sharing_enabled":true,"_links":{"self":[{"href":"https:\/\/cipele.ba\/en\/wp-json\/wp\/v2\/product\/19715","targetHints":{"allow":["GET"]}}],"collection":[{"href":"https:\/\/cipele.ba\/en\/wp-json\/wp\/v2\/product"}],"about":[{"href":"https:\/\/cipele.ba\/en\/wp-json\/wp\/v2\/types\/product"}],"wp:featuredmedia":[{"embeddable":true,"href":"https:\/\/cipele.ba\/en\/wp-json\/wp\/v2\/media\/19714"}],"wp:attachment":[{"href":"https:\/\/cipele.ba\/en\/wp-json\/wp\/v2\/media?parent=19715"}],"wp:term":[{"taxonomy":"product_brand","embeddable":true,"href":"https:\/\/cipele.ba\/en\/wp-json\/wp\/v2\/product_brand?post=19715"},{"taxonomy":"product_cat","embeddable":true,"href":"https:\/\/cipele.ba\/en\/wp-json\/wp\/v2\/product_cat?post=19715"},{"taxonomy":"product_tag","embeddable":true,"href":"https:\/\/cipele.ba\/en\/wp-json\/wp\/v2\/product_tag?post=19715"}],"curies":[{"name":"wp","href":"https:\/\/api.w.org\/{rel}","templated":true}]}}