{"id":19731,"date":"2025-08-23T15:00:30","date_gmt":"2025-08-23T15:00:30","guid":{"rendered":"https:\/\/cipele.ba\/shop\/uncategorized\/nike-manoa-ltr\/"},"modified":"2026-04-18T14:41:35","modified_gmt":"2026-04-18T14:41:35","slug":"nike-manoa-ltr","status":"publish","type":"product","link":"https:\/\/cipele.ba\/en\/shop\/djeca\/djecije-cizme\/nike-manoa-ltr\/","title":{"rendered":"Nike Manoa LTR"},"content":{"rendered":"<p>Nike Manoa LTR su \u010dizme za tinejd\u017eere koje su spremne za sve avanture va\u0161ih najmla\u0111ih \u010dlanova porodice. Nike Manoa LTR imaju sve \u0161to vam je potrebno za sledec\u0301u avanturu va\u0161ih tinejd\u017eera: ko\u017eu, mekani jastuk od pjene i dizajn napravljen da traje. Gumeni \u0111on sa agresivnim vu\u010dnim dezenom osigurava prijanjanje po vla\u017enom vremenu. Ko\u017ea i sinteti\u010dka ko\u017ea u gornjem dijelu su izdr\u017eljive i lake za \u010di\u0161c\u0301enje. Meka pjena u srednjem \u0111onu pru\u017ea laganu amortizaciju. Gumeni \u0111on vam poma\u017ee da ostanete na nogama bez obzira na podlogu. Specifikacija: \u010cizme za tinejd\u017eere -lifestyle Jezi\u010dak za povla\u010denje pete Srednji \u0111on od pjene<\/p>","protected":false},"excerpt":{"rendered":"<p>Nike Manoa LTR su \u010dizme za tinejd\u017eere koje su spremne za sve avanture va\u0161ih najmla\u0111ih \u010dlanova porodice. Nike Manoa LTR imaju sve \u0161to vam je potrebno za sledec\u0301u avanturu va\u0161ih tinejd\u017eera: ko\u017eu, mekani jastuk od pjene i dizajn napravljen da traje. Gumeni \u0111on sa agresivnim vu\u010dnim dezenom osigurava prijanjanje po vla\u017enom vremenu. Ko\u017ea i sinteti\u010dka [&hellip;]<\/p>","protected":false},"featured_media":19728,"template":"","meta":{"jetpack_post_was_ever_published":false},"product_brand":[94],"product_cat":[60],"product_tag":[],"class_list":{"0":"post-19731","1":"product","2":"type-product","3":"status-publish","4":"has-post-thumbnail","6":"product_brand-sport_vision","7":"product_cat-djecije-cizme","9":"first","10":"instock","11":"sale","12":"shipping-taxable","13":"product-type-external"},"jetpack-related-posts":[],"jetpack_sharing_enabled":true,"_links":{"self":[{"href":"https:\/\/cipele.ba\/en\/wp-json\/wp\/v2\/product\/19731","targetHints":{"allow":["GET"]}}],"collection":[{"href":"https:\/\/cipele.ba\/en\/wp-json\/wp\/v2\/product"}],"about":[{"href":"https:\/\/cipele.ba\/en\/wp-json\/wp\/v2\/types\/product"}],"wp:featuredmedia":[{"embeddable":true,"href":"https:\/\/cipele.ba\/en\/wp-json\/wp\/v2\/media\/19728"}],"wp:attachment":[{"href":"https:\/\/cipele.ba\/en\/wp-json\/wp\/v2\/media?parent=19731"}],"wp:term":[{"taxonomy":"product_brand","embeddable":true,"href":"https:\/\/cipele.ba\/en\/wp-json\/wp\/v2\/product_brand?post=19731"},{"taxonomy":"product_cat","embeddable":true,"href":"https:\/\/cipele.ba\/en\/wp-json\/wp\/v2\/product_cat?post=19731"},{"taxonomy":"product_tag","embeddable":true,"href":"https:\/\/cipele.ba\/en\/wp-json\/wp\/v2\/product_tag?post=19731"}],"curies":[{"name":"wp","href":"https:\/\/api.w.org\/{rel}","templated":true}]}}