{"id":19853,"date":"2025-08-23T15:07:16","date_gmt":"2025-08-23T15:07:16","guid":{"rendered":"https:\/\/cipele.ba\/shop\/uncategorized\/nike-classic-ii-cush\/"},"modified":"2026-04-19T08:09:36","modified_gmt":"2026-04-19T08:09:36","slug":"nike-classic-ii-cush","status":"publish","type":"product","link":"https:\/\/cipele.ba\/en\/shop\/muskarci\/muski-dodaci\/nike-classic-ii-cush\/","title":{"rendered":"Nike CLASSIC II CUSH"},"content":{"rendered":"<p>Nike CLASSIC II CUSH mu\u0161ke \u010darape za fudbal dubokog profila su meke i prijatne na dodir. Napravljene su od tkanine koja lako upija znoj i omogu\u0107ava va\u0161im stopalima da ostanu suva. Sa oja\u010danjem u predjelu prstiju i pete, kao i lu\u010dnom potporom za najbolje performanse, ove \u010darape vam pru\u017eaju premijum udobnost kao i poja\u010danu prozra\u010dnost. Profilisane za lijevu i desnu nogu, nude idealno pristajanje. Ostvarite najbolje rezultate u udobnosti Nike CLASSIC II CUSH mu\u0161kih \u010darapa za fudbal. Specifikacija: Du\u017eina iznad koljena Jedan par u pakovanju Nike Dri- FIT tehnologija Oja\u010danje u predjelu prstiju i pete Ma\u0161insko pranje Sastav: 97% najlon, 3% elastin<\/p>","protected":false},"excerpt":{"rendered":"<p>Nike CLASSIC II CUSH mu\u0161ke \u010darape za fudbal dubokog profila su meke i prijatne na dodir. Napravljene su od tkanine koja lako upija znoj i omogu\u0107ava va\u0161im stopalima da ostanu suva. Sa oja\u010danjem u predjelu prstiju i pete, kao i lu\u010dnom potporom za najbolje performanse, ove \u010darape vam pru\u017eaju premijum udobnost kao i poja\u010danu prozra\u010dnost. [&hellip;]<\/p>","protected":false},"featured_media":19850,"template":"","meta":{"jetpack_post_was_ever_published":false},"product_brand":[94],"product_cat":[70],"product_tag":[],"class_list":{"0":"post-19853","1":"product","2":"type-product","3":"status-publish","4":"has-post-thumbnail","6":"product_brand-sport_vision","7":"product_cat-muski-dodaci","9":"first","10":"instock","11":"shipping-taxable","12":"product-type-external"},"jetpack-related-posts":[],"jetpack_sharing_enabled":true,"_links":{"self":[{"href":"https:\/\/cipele.ba\/en\/wp-json\/wp\/v2\/product\/19853","targetHints":{"allow":["GET"]}}],"collection":[{"href":"https:\/\/cipele.ba\/en\/wp-json\/wp\/v2\/product"}],"about":[{"href":"https:\/\/cipele.ba\/en\/wp-json\/wp\/v2\/types\/product"}],"wp:featuredmedia":[{"embeddable":true,"href":"https:\/\/cipele.ba\/en\/wp-json\/wp\/v2\/media\/19850"}],"wp:attachment":[{"href":"https:\/\/cipele.ba\/en\/wp-json\/wp\/v2\/media?parent=19853"}],"wp:term":[{"taxonomy":"product_brand","embeddable":true,"href":"https:\/\/cipele.ba\/en\/wp-json\/wp\/v2\/product_brand?post=19853"},{"taxonomy":"product_cat","embeddable":true,"href":"https:\/\/cipele.ba\/en\/wp-json\/wp\/v2\/product_cat?post=19853"},{"taxonomy":"product_tag","embeddable":true,"href":"https:\/\/cipele.ba\/en\/wp-json\/wp\/v2\/product_tag?post=19853"}],"curies":[{"name":"wp","href":"https:\/\/api.w.org\/{rel}","templated":true}]}}