{"id":19867,"date":"2025-08-23T15:07:25","date_gmt":"2025-08-23T15:07:25","guid":{"rendered":"https:\/\/cipele.ba\/shop\/uncategorized\/adidas-glow\/"},"modified":"2026-04-18T20:06:48","modified_gmt":"2026-04-18T20:06:48","slug":"adidas-glow","status":"publish","type":"product","link":"https:\/\/cipele.ba\/en\/shop\/muskarci\/muski-dodaci\/adidas-glow\/","title":{"rendered":"adidas Glow"},"content":{"rendered":"<p>Zakora\u010dite u udobnost i stil uz adidas Glow unisex \u010darape. Napravljene za one koji vole kombinaciju svakodnevne garderobe i suptilnog sjaja, ove \u010darape pru\u017eaju udobno i \u010dvrsto prianjanje s dodatnim stilom. Detalji: Mekana i elasti\u010dna me\u0161avina pamuka s malo metalik vlakana za suptilni, moderni sjaj Potpora na risu za udobnost i potporu tokom cijelog dana Dostupno u pakovanju od dva para koje pru\u017ea veliku vrednost i prilagodljivost stila Od 100% recikliranog poliamida u skladu s posve\u0107eno\u0161\u0107u kompanije adidas odr\u017eivosti<\/p>","protected":false},"excerpt":{"rendered":"<p>Zakora\u010dite u udobnost i stil uz adidas Glow unisex \u010darape. Napravljene za one koji vole kombinaciju svakodnevne garderobe i suptilnog sjaja, ove \u010darape pru\u017eaju udobno i \u010dvrsto prianjanje s dodatnim stilom. Detalji: Mekana i elasti\u010dna me\u0161avina pamuka s malo metalik vlakana za suptilni, moderni sjaj Potpora na risu za udobnost i potporu tokom cijelog dana [&hellip;]<\/p>","protected":false},"featured_media":19864,"template":"","meta":{"jetpack_post_was_ever_published":false},"product_brand":[94],"product_cat":[70],"product_tag":[],"class_list":{"0":"post-19867","1":"product","2":"type-product","3":"status-publish","4":"has-post-thumbnail","6":"product_brand-sport_vision","7":"product_cat-muski-dodaci","9":"first","10":"instock","11":"shipping-taxable","12":"product-type-external"},"jetpack-related-posts":[],"jetpack_sharing_enabled":true,"_links":{"self":[{"href":"https:\/\/cipele.ba\/en\/wp-json\/wp\/v2\/product\/19867","targetHints":{"allow":["GET"]}}],"collection":[{"href":"https:\/\/cipele.ba\/en\/wp-json\/wp\/v2\/product"}],"about":[{"href":"https:\/\/cipele.ba\/en\/wp-json\/wp\/v2\/types\/product"}],"wp:featuredmedia":[{"embeddable":true,"href":"https:\/\/cipele.ba\/en\/wp-json\/wp\/v2\/media\/19864"}],"wp:attachment":[{"href":"https:\/\/cipele.ba\/en\/wp-json\/wp\/v2\/media?parent=19867"}],"wp:term":[{"taxonomy":"product_brand","embeddable":true,"href":"https:\/\/cipele.ba\/en\/wp-json\/wp\/v2\/product_brand?post=19867"},{"taxonomy":"product_cat","embeddable":true,"href":"https:\/\/cipele.ba\/en\/wp-json\/wp\/v2\/product_cat?post=19867"},{"taxonomy":"product_tag","embeddable":true,"href":"https:\/\/cipele.ba\/en\/wp-json\/wp\/v2\/product_tag?post=19867"}],"curies":[{"name":"wp","href":"https:\/\/api.w.org\/{rel}","templated":true}]}}