{"id":19871,"date":"2025-08-23T15:07:28","date_gmt":"2025-08-23T15:07:28","guid":{"rendered":"https:\/\/cipele.ba\/shop\/uncategorized\/adidas-run-x-adizero\/"},"modified":"2026-04-19T08:27:12","modified_gmt":"2026-04-19T08:27:12","slug":"adidas-run-x-adizero","status":"publish","type":"product","link":"https:\/\/cipele.ba\/en\/shop\/muskarci\/muski-dodaci\/adidas-run-x-adizero\/","title":{"rendered":"adidas Run x Adizero"},"content":{"rendered":"<p>adidas uniseks Run x Adizero \u010darape za tr\u010danje kombinuju laganu udobnost sa amortizovanim prstima, CLIMACOOL tehnologijom koja odvodi znoj i potporom za ris sa ventilacijom za performanse uz osje\u0107aj rashla\u0111enosti, svje\u017eine i bez distrakcija. Detalji Du\u017eina do \u010dlanka Jedan par u pakovanju CLIMACOOL tehnologija efikasno i brzo odvodi znoj kako biste ostali rashla\u0111eni i suvi dok pru\u017eate najbolje performanse Amortizovani prsti Potpora za ris s ventilacijom Eco story Ovaj proizvod sadr\u017ei najmanje 50% recikliranih materijala, \u010dime se doprinosi smanjenju otpada, o\u010duvanju resursa i smanjenju ekolo\u0161kog otiska<\/p>","protected":false},"excerpt":{"rendered":"<p>adidas uniseks Run x Adizero \u010darape za tr\u010danje kombinuju laganu udobnost sa amortizovanim prstima, CLIMACOOL tehnologijom koja odvodi znoj i potporom za ris sa ventilacijom za performanse uz osje\u0107aj rashla\u0111enosti, svje\u017eine i bez distrakcija. Detalji Du\u017eina do \u010dlanka Jedan par u pakovanju CLIMACOOL tehnologija efikasno i brzo odvodi znoj kako biste ostali rashla\u0111eni i suvi [&hellip;]<\/p>","protected":false},"featured_media":19868,"template":"","meta":{"jetpack_post_was_ever_published":false},"product_brand":[94],"product_cat":[70],"product_tag":[],"class_list":{"0":"post-19871","1":"product","2":"type-product","3":"status-publish","4":"has-post-thumbnail","6":"product_brand-sport_vision","7":"product_cat-muski-dodaci","9":"first","10":"instock","11":"shipping-taxable","12":"product-type-external"},"jetpack-related-posts":[],"jetpack_sharing_enabled":true,"_links":{"self":[{"href":"https:\/\/cipele.ba\/en\/wp-json\/wp\/v2\/product\/19871","targetHints":{"allow":["GET"]}}],"collection":[{"href":"https:\/\/cipele.ba\/en\/wp-json\/wp\/v2\/product"}],"about":[{"href":"https:\/\/cipele.ba\/en\/wp-json\/wp\/v2\/types\/product"}],"wp:featuredmedia":[{"embeddable":true,"href":"https:\/\/cipele.ba\/en\/wp-json\/wp\/v2\/media\/19868"}],"wp:attachment":[{"href":"https:\/\/cipele.ba\/en\/wp-json\/wp\/v2\/media?parent=19871"}],"wp:term":[{"taxonomy":"product_brand","embeddable":true,"href":"https:\/\/cipele.ba\/en\/wp-json\/wp\/v2\/product_brand?post=19871"},{"taxonomy":"product_cat","embeddable":true,"href":"https:\/\/cipele.ba\/en\/wp-json\/wp\/v2\/product_cat?post=19871"},{"taxonomy":"product_tag","embeddable":true,"href":"https:\/\/cipele.ba\/en\/wp-json\/wp\/v2\/product_tag?post=19871"}],"curies":[{"name":"wp","href":"https:\/\/api.w.org\/{rel}","templated":true}]}}