{"id":19934,"date":"2025-08-23T15:14:17","date_gmt":"2025-08-23T15:14:17","guid":{"rendered":"https:\/\/cipele.ba\/shop\/uncategorized\/ellesse-ski\/"},"modified":"2026-04-21T10:25:05","modified_gmt":"2026-04-21T10:25:05","slug":"ellesse-ski","status":"publish","type":"product","link":"https:\/\/cipele.ba\/en\/shop\/zene\/zenski-dodaci\/ellesse-ski\/","title":{"rendered":"Ellesse Ski"},"content":{"rendered":"","protected":false},"excerpt":{"rendered":"<p>Ellesse Ski klasi\u010dne \u017eenske \u010darape za skijanje pru\u017eaju veliku udobnost i omogu\u0107avaju da zadr\u017eite toplotu. Detalji: Ellesse logotip Namenjene za skijanje<\/p>","protected":false},"featured_media":19931,"template":"","meta":{"jetpack_post_was_ever_published":false},"product_brand":[94],"product_cat":[66],"product_tag":[],"class_list":{"0":"post-19934","1":"product","2":"type-product","3":"status-publish","4":"has-post-thumbnail","6":"product_brand-sport_vision","7":"product_cat-zenski-dodaci","9":"first","10":"instock","11":"sale","12":"shipping-taxable","13":"product-type-external"},"jetpack-related-posts":[],"jetpack_sharing_enabled":true,"_links":{"self":[{"href":"https:\/\/cipele.ba\/en\/wp-json\/wp\/v2\/product\/19934","targetHints":{"allow":["GET"]}}],"collection":[{"href":"https:\/\/cipele.ba\/en\/wp-json\/wp\/v2\/product"}],"about":[{"href":"https:\/\/cipele.ba\/en\/wp-json\/wp\/v2\/types\/product"}],"wp:featuredmedia":[{"embeddable":true,"href":"https:\/\/cipele.ba\/en\/wp-json\/wp\/v2\/media\/19931"}],"wp:attachment":[{"href":"https:\/\/cipele.ba\/en\/wp-json\/wp\/v2\/media?parent=19934"}],"wp:term":[{"taxonomy":"product_brand","embeddable":true,"href":"https:\/\/cipele.ba\/en\/wp-json\/wp\/v2\/product_brand?post=19934"},{"taxonomy":"product_cat","embeddable":true,"href":"https:\/\/cipele.ba\/en\/wp-json\/wp\/v2\/product_cat?post=19934"},{"taxonomy":"product_tag","embeddable":true,"href":"https:\/\/cipele.ba\/en\/wp-json\/wp\/v2\/product_tag?post=19934"}],"curies":[{"name":"wp","href":"https:\/\/api.w.org\/{rel}","templated":true}]}}