{"id":19940,"date":"2025-08-23T15:14:21","date_gmt":"2025-08-23T15:14:21","guid":{"rendered":"https:\/\/cipele.ba\/shop\/uncategorized\/nike-everyday-plus\/"},"modified":"2026-04-20T23:45:21","modified_gmt":"2026-04-20T23:45:21","slug":"nike-everyday-plus","status":"publish","type":"product","link":"https:\/\/cipele.ba\/en\/shop\/zene\/zenski-dodaci\/nike-everyday-plus\/","title":{"rendered":"Nike Everyday Plus"},"content":{"rendered":"<p>Nike Everyday Plus Lightweight su \u017eenske nazuvice za trening. Lagane, napravljene od rastegljivog, mre\u017eastog materijala, sa kombinacijom mikronajlona i spandeksa pru\u017eaju udobnost i prijatan osje\u0107aj. Na\u0161a \u010duvena Dri-FIT tehnologija pomo\u0107u koje su napravljene ove \u010darape, odvodi znoj sa va\u0161e ko\u017ee i dr\u017ei vas suvim i svje\u017eim. Prozra\u010dne konstrukcije na vrhu, dok unutra\u0161nji antiklizni silikonski dio na peti sprije\u010dava klizanje. Lako se odr\u017eavaju i peru se u ve\u0161 ma\u0161ini. Dolaze u pakovanju od tri para, pa uvijek mo\u017eete nositi rezervne sa sobom. Specifikacija: \u017denske nazuvice za trening 3 para Ma\u0161insko pranje Sastav: 57% najlon, 40% poliester i 3% spandeks<\/p>","protected":false},"excerpt":{"rendered":"<p>Nike Everyday Plus Lightweight su \u017eenske nazuvice za trening. Lagane, napravljene od rastegljivog, mre\u017eastog materijala, sa kombinacijom mikronajlona i spandeksa pru\u017eaju udobnost i prijatan osje\u0107aj. Na\u0161a \u010duvena Dri-FIT tehnologija pomo\u0107u koje su napravljene ove \u010darape, odvodi znoj sa va\u0161e ko\u017ee i dr\u017ei vas suvim i svje\u017eim. Prozra\u010dne konstrukcije na vrhu, dok unutra\u0161nji antiklizni silikonski dio [&hellip;]<\/p>","protected":false},"featured_media":19937,"template":"","meta":{"jetpack_post_was_ever_published":false},"product_brand":[94],"product_cat":[66],"product_tag":[],"class_list":{"0":"post-19940","1":"product","2":"type-product","3":"status-publish","4":"has-post-thumbnail","6":"product_brand-sport_vision","7":"product_cat-zenski-dodaci","9":"first","10":"instock","11":"shipping-taxable","12":"product-type-external"},"jetpack-related-posts":[],"jetpack_sharing_enabled":true,"_links":{"self":[{"href":"https:\/\/cipele.ba\/en\/wp-json\/wp\/v2\/product\/19940","targetHints":{"allow":["GET"]}}],"collection":[{"href":"https:\/\/cipele.ba\/en\/wp-json\/wp\/v2\/product"}],"about":[{"href":"https:\/\/cipele.ba\/en\/wp-json\/wp\/v2\/types\/product"}],"wp:featuredmedia":[{"embeddable":true,"href":"https:\/\/cipele.ba\/en\/wp-json\/wp\/v2\/media\/19937"}],"wp:attachment":[{"href":"https:\/\/cipele.ba\/en\/wp-json\/wp\/v2\/media?parent=19940"}],"wp:term":[{"taxonomy":"product_brand","embeddable":true,"href":"https:\/\/cipele.ba\/en\/wp-json\/wp\/v2\/product_brand?post=19940"},{"taxonomy":"product_cat","embeddable":true,"href":"https:\/\/cipele.ba\/en\/wp-json\/wp\/v2\/product_cat?post=19940"},{"taxonomy":"product_tag","embeddable":true,"href":"https:\/\/cipele.ba\/en\/wp-json\/wp\/v2\/product_tag?post=19940"}],"curies":[{"name":"wp","href":"https:\/\/api.w.org\/{rel}","templated":true}]}}