{"id":19953,"date":"2025-08-23T15:14:30","date_gmt":"2025-08-23T15:14:30","guid":{"rendered":"https:\/\/cipele.ba\/shop\/uncategorized\/ellesse-sporty\/"},"modified":"2026-04-21T12:16:49","modified_gmt":"2026-04-21T12:16:49","slug":"ellesse-sporty","status":"publish","type":"product","link":"https:\/\/cipele.ba\/en\/shop\/zene\/zenski-dodaci\/ellesse-sporty\/","title":{"rendered":"Ellesse Sporty"},"content":{"rendered":"<p>Ellesse Sporty su klasi\u010dne \u010darape za tenisa napravljene za nju i njega sa \u0161irokim rebrastim rubom sa logotipom, najboljeg kvaliteta i velike udobnosti tokom no\u0161enja. Detalji: Unisex \u010darape Ellesse logotip Materijali: vuna 33%, akril 33%, poliamid 20%, poliester 12%, elastin 2%<\/p>","protected":false},"excerpt":{"rendered":"<p>Ellesse Sporty su klasi\u010dne \u010darape za tenisa napravljene za nju i njega sa \u0161irokim rebrastim rubom sa logotipom, najboljeg kvaliteta i velike udobnosti tokom no\u0161enja. Detalji: Unisex \u010darape Ellesse logotip Materijali: vuna 33%, akril 33%, poliamid 20%, poliester 12%, elastin 2%<\/p>","protected":false},"featured_media":19950,"template":"","meta":{"jetpack_post_was_ever_published":false},"product_brand":[94],"product_cat":[66],"product_tag":[],"class_list":{"0":"post-19953","1":"product","2":"type-product","3":"status-publish","4":"has-post-thumbnail","6":"product_brand-sport_vision","7":"product_cat-zenski-dodaci","9":"first","10":"instock","11":"shipping-taxable","12":"product-type-external"},"jetpack-related-posts":[],"jetpack_sharing_enabled":true,"_links":{"self":[{"href":"https:\/\/cipele.ba\/en\/wp-json\/wp\/v2\/product\/19953","targetHints":{"allow":["GET"]}}],"collection":[{"href":"https:\/\/cipele.ba\/en\/wp-json\/wp\/v2\/product"}],"about":[{"href":"https:\/\/cipele.ba\/en\/wp-json\/wp\/v2\/types\/product"}],"wp:featuredmedia":[{"embeddable":true,"href":"https:\/\/cipele.ba\/en\/wp-json\/wp\/v2\/media\/19950"}],"wp:attachment":[{"href":"https:\/\/cipele.ba\/en\/wp-json\/wp\/v2\/media?parent=19953"}],"wp:term":[{"taxonomy":"product_brand","embeddable":true,"href":"https:\/\/cipele.ba\/en\/wp-json\/wp\/v2\/product_brand?post=19953"},{"taxonomy":"product_cat","embeddable":true,"href":"https:\/\/cipele.ba\/en\/wp-json\/wp\/v2\/product_cat?post=19953"},{"taxonomy":"product_tag","embeddable":true,"href":"https:\/\/cipele.ba\/en\/wp-json\/wp\/v2\/product_tag?post=19953"}],"curies":[{"name":"wp","href":"https:\/\/api.w.org\/{rel}","templated":true}]}}