{"id":19970,"date":"2025-08-23T15:14:42","date_gmt":"2025-08-23T15:14:42","guid":{"rendered":"https:\/\/cipele.ba\/shop\/uncategorized\/champion-sneaker-3\/"},"modified":"2026-04-18T19:46:11","modified_gmt":"2026-04-18T19:46:11","slug":"champion-sneaker-3","status":"publish","type":"product","link":"https:\/\/cipele.ba\/en\/shop\/zene\/zenski-dodaci\/champion-sneaker-3\/","title":{"rendered":"Champion Sneaker"},"content":{"rendered":"","protected":false},"excerpt":{"rendered":"<p>Champion Sneaker je komplet \u017eenskih udobnih prugastih \u010darapa koje kombinuju meku, prozra\u010dnu tkaninu i jednostavni dizajn, \u0161to omogu\u0107ava da nogama bude udobno tokom cijelog dana. Detalji: Champion logotip Mekani materijali Pakovanje od 3 para<\/p>","protected":false},"featured_media":19967,"template":"","meta":{"jetpack_post_was_ever_published":false},"product_brand":[94],"product_cat":[66],"product_tag":[],"class_list":{"0":"post-19970","1":"product","2":"type-product","3":"status-publish","4":"has-post-thumbnail","6":"product_brand-sport_vision","7":"product_cat-zenski-dodaci","9":"first","10":"instock","11":"shipping-taxable","12":"product-type-external"},"jetpack-related-posts":[],"jetpack_sharing_enabled":true,"_links":{"self":[{"href":"https:\/\/cipele.ba\/en\/wp-json\/wp\/v2\/product\/19970","targetHints":{"allow":["GET"]}}],"collection":[{"href":"https:\/\/cipele.ba\/en\/wp-json\/wp\/v2\/product"}],"about":[{"href":"https:\/\/cipele.ba\/en\/wp-json\/wp\/v2\/types\/product"}],"wp:featuredmedia":[{"embeddable":true,"href":"https:\/\/cipele.ba\/en\/wp-json\/wp\/v2\/media\/19967"}],"wp:attachment":[{"href":"https:\/\/cipele.ba\/en\/wp-json\/wp\/v2\/media?parent=19970"}],"wp:term":[{"taxonomy":"product_brand","embeddable":true,"href":"https:\/\/cipele.ba\/en\/wp-json\/wp\/v2\/product_brand?post=19970"},{"taxonomy":"product_cat","embeddable":true,"href":"https:\/\/cipele.ba\/en\/wp-json\/wp\/v2\/product_cat?post=19970"},{"taxonomy":"product_tag","embeddable":true,"href":"https:\/\/cipele.ba\/en\/wp-json\/wp\/v2\/product_tag?post=19970"}],"curies":[{"name":"wp","href":"https:\/\/api.w.org\/{rel}","templated":true}]}}